{"id":6217,"date":"2022-09-27T15:42:10","date_gmt":"2022-09-27T15:42:10","guid":{"rendered":"https:\/\/nevartyk.lt\/?post_type=product&#038;p=6217"},"modified":"2025-12-03T20:39:28","modified_gmt":"2025-12-03T20:39:28","slug":"nevartyk-7-iesmams","status":"publish","type":"product","link":"https:\/\/nevartyk.lt\/en\/parduotuve\/nevartyk-7-iesmams\/","title":{"rendered":"\"Don't flip\"-7 skewers"},"content":{"rendered":"<div data-elementor-type=\"wp-post\" data-elementor-id=\"6217\" class=\"elementor elementor-6217\">\n\t\t\t\t\t\t\t\t\t<section class=\"elementor-section elementor-top-section elementor-element elementor-element-7321aceb elementor-section-boxed elementor-section-height-default elementor-section-height-default\" data-id=\"7321aceb\" data-element_type=\"section\">\n\t\t\t\t\t\t<div class=\"elementor-container elementor-column-gap-default\">\n\t\t\t\t\t<div class=\"elementor-column elementor-col-100 elementor-top-column elementor-element elementor-element-530ab734\" data-id=\"530ab734\" data-element_type=\"column\">\n\t\t\t<div class=\"elementor-widget-wrap elementor-element-populated\">\n\t\t\t\t\t\t\t\t<div class=\"elementor-element elementor-element-60cec388 elementor-widget elementor-widget-text-editor\" data-id=\"60cec388\" data-element_type=\"widget\" data-widget_type=\"text-editor.default\">\n\t\t\t\t<div class=\"elementor-widget-container\">\n\t\t\t<style>\/*! elementor - v3.7.7 - 20-09-2022 *\/\n.elementor-widget-text-editor.elementor-drop-cap-view-stacked .elementor-drop-cap{background-color:#818a91;color:#fff}.elementor-widget-text-editor.elementor-drop-cap-view-framed .elementor-drop-cap{color:#818a91;border:3px solid;background-color:transparent}.elementor-widget-text-editor:not(.elementor-drop-cap-view-default) .elementor-drop-cap{margin-top:8px}.elementor-widget-text-editor:not(.elementor-drop-cap-view-default) .elementor-drop-cap-letter{width:1em;height:1em}.elementor-widget-text-editor .elementor-drop-cap{float:left;text-align:center;line-height:1;font-size:50px}.elementor-widget-text-editor .elementor-drop-cap-letter{display:inline-block}<\/style>        <div class=\"elementor-text-editor elementor-clearfix\"><p>Classic design, <strong>high quality<\/strong> materials and the reliability of Lithuanian manufacturers are the best words to describe ,,Don't flip'' products.<\/p><p><strong> The seven skewer flipping system is the favourite choice of our customers. The system runs on a rechargeable external battery, which is included in the package and works for up to ten hours when charged (yes, you got it right, you can use our products anywhere, even in nature!). Thanks to the adjustable length of the product, the \"Don't flip\" skewer flipping system will adapt to any barbecue grill, and the skewer locks provided allow the use of skewers of different widths. Don't hesitate, buy it and see for yourself the functionality of our product! This model, \"Don't flip - 7\", is suitable for open barbecue grills, if you are using an enclosed barbecue grill, please choose the \"Don't flip - 6\" or the \"Don't flip - 8\" models.<\/strong> vartymo sistema &#8211; m\u0117gstamiausias m\u016bs\u0173 pirk\u0117j\u0173 pasirinkimas. Sistema veikia nuo kraunamos i\u0161orin\u0117s baterijos, kuri yra \u012ftraukta \u012f komplektacij\u0105 ir pakrauta veikia iki de\u0161imties valand\u0173 (taip, supratote teisingai, m\u016bs\u0173 produktus galite naudoti bet kur, net ir gamtoje!). D\u0117l <strong>reguliuojamo<\/strong> gaminio ilgio, ,,<strong>Don't flip<\/strong>\u2019\u2019ie\u0161m\u0173 vartymo sistema prisitaikys prie bet kurios \u0161a\u0161lykin\u0117s, ir tiks bet kuriems ie\u0161mams. Nedvejokite, \u012fsigykite ir \u012fsitikinkite m\u016bs\u0173 k\u016brinio prakti\u0161kumu patys! \u0160is ,,Nevartyk &#8211; 7\u2019\u2019 modelis yra pritaikytas atviroms \u0161a\u0161lykin\u0117ms. Jei J\u016bs naudojate u\u017edar\u0105 \u0161a\u0161lykin\u0119 arba grili\u0173, maloniai pra\u0161ome rinktis ,,Nevartyk &#8211; 6\u2019\u2019 arba ,,Nevartyk &#8211; 8\u2019\u2019 modelius.<\/p><p><strong>Included:<\/strong> ie\u0161m\u0173 vartymo sistema;\u00a0 i\u0161orin\u0117 baterija; i\u0161orin\u0117s baterijos pakrovimo laidai.<\/p><\/div>\n        \t\t<\/div>\n\t\t\t\t<\/div>\n\t\t\t\t\t<\/div>\n\t\t<\/div>\n\t\t\t\t\t\t\t<\/div>\n\t\t<\/section>\n\t\t\t\t\t\t\t<\/div>","protected":false},"excerpt":{"rendered":"<p class=\" translation-block\">Classic design, stainless steel, seven skewer flipping system. \"Don't flip - 7'' is the most frequent choice of our customers and has never disappointed anyone!<\/p>\n<p><strong>Pakraunama baterija jau yra komplektacijoje!\u00a0<\/strong><\/p>\n<ul>\n<li class=\"p1\">Adjustable length<\/li>\n<li class=\"p1\">Adjustable rotation speed<\/li>\n<li class=\"p1\">Powered by a rechargeable external battery<\/li>\n<\/ul>","protected":false},"featured_media":9179,"comment_status":"closed","ping_status":"closed","template":"","meta":{"om_disable_all_campaigns":false,"inline_featured_image":false,"_monsterinsights_skip_tracking":false,"_monsterinsights_sitenote_active":false,"_monsterinsights_sitenote_note":"","_monsterinsights_sitenote_category":0},"product_cat":[76],"product_tag":[],"class_list":{"0":"post-6217","1":"product","2":"type-product","3":"status-publish","4":"has-post-thumbnail","6":"product_cat-saslykinems","8":"first","9":"instock","10":"taxable","11":"shipping-taxable","12":"purchasable","13":"product-type-simple"},"aioseo_notices":[],"_links":{"self":[{"href":"https:\/\/nevartyk.lt\/en\/wp-json\/wp\/v2\/product\/6217","targetHints":{"allow":["GET"]}}],"collection":[{"href":"https:\/\/nevartyk.lt\/en\/wp-json\/wp\/v2\/product"}],"about":[{"href":"https:\/\/nevartyk.lt\/en\/wp-json\/wp\/v2\/types\/product"}],"replies":[{"embeddable":true,"href":"https:\/\/nevartyk.lt\/en\/wp-json\/wp\/v2\/comments?post=6217"}],"version-history":[{"count":12,"href":"https:\/\/nevartyk.lt\/en\/wp-json\/wp\/v2\/product\/6217\/revisions"}],"predecessor-version":[{"id":10425,"href":"https:\/\/nevartyk.lt\/en\/wp-json\/wp\/v2\/product\/6217\/revisions\/10425"}],"wp:featuredmedia":[{"embeddable":true,"href":"https:\/\/nevartyk.lt\/en\/wp-json\/wp\/v2\/media\/9179"}],"wp:attachment":[{"href":"https:\/\/nevartyk.lt\/en\/wp-json\/wp\/v2\/media?parent=6217"}],"wp:term":[{"taxonomy":"product_cat","embeddable":true,"href":"https:\/\/nevartyk.lt\/en\/wp-json\/wp\/v2\/product_cat?post=6217"},{"taxonomy":"product_tag","embeddable":true,"href":"https:\/\/nevartyk.lt\/en\/wp-json\/wp\/v2\/product_tag?post=6217"}],"curies":[{"name":"wp","href":"https:\/\/api.w.org\/{rel}","templated":true}]}}