{"id":8265,"date":"2023-05-12T16:38:11","date_gmt":"2023-05-12T16:38:11","guid":{"rendered":"https:\/\/nevartyk.lt\/?post_type=product&#038;p=8265"},"modified":"2025-07-22T19:48:24","modified_gmt":"2025-07-22T19:48:24","slug":"kamado-6-2","status":"publish","type":"product","link":"https:\/\/nevartyk.lt\/en\/parduotuve\/kamado-6-2\/","title":{"rendered":"Kamado-6"},"content":{"rendered":"<div data-elementor-type=\"wp-post\" data-elementor-id=\"8265\" class=\"elementor elementor-8265\">\n\t\t\t\t\t\t\t\t\t<section class=\"elementor-section elementor-top-section elementor-element elementor-element-3277656d elementor-section-boxed elementor-section-height-default elementor-section-height-default\" data-id=\"3277656d\" data-element_type=\"section\">\n\t\t\t\t\t\t<div class=\"elementor-container elementor-column-gap-default\">\n\t\t\t\t\t<div class=\"elementor-column elementor-col-100 elementor-top-column elementor-element elementor-element-32c0881f\" data-id=\"32c0881f\" data-element_type=\"column\">\n\t\t\t<div class=\"elementor-widget-wrap elementor-element-populated\">\n\t\t\t\t\t\t\t\t<div class=\"elementor-element elementor-element-932eab4 elementor-widget elementor-widget-text-editor\" data-id=\"932eab4\" data-element_type=\"widget\" data-widget_type=\"text-editor.default\">\n\t\t\t\t<div class=\"elementor-widget-container\">\n\t\t\t<style>\/*! elementor - v3.7.7 - 20-09-2022 *\/\n.elementor-widget-text-editor.elementor-drop-cap-view-stacked .elementor-drop-cap{background-color:#818a91;color:#fff}.elementor-widget-text-editor.elementor-drop-cap-view-framed .elementor-drop-cap{color:#818a91;border:3px solid;background-color:transparent}.elementor-widget-text-editor:not(.elementor-drop-cap-view-default) .elementor-drop-cap{margin-top:8px}.elementor-widget-text-editor:not(.elementor-drop-cap-view-default) .elementor-drop-cap-letter{width:1em;height:1em}.elementor-widget-text-editor .elementor-drop-cap{float:left;text-align:center;line-height:1;font-size:50px}.elementor-widget-text-editor .elementor-drop-cap-letter{display:inline-block}<\/style>        <div class=\"elementor-text-editor elementor-clearfix\"><div class=\"x78zum5 x1r8uery xdt5ytf x1iyjqo2 xmz0i5r x6ikm8r x10wlt62 x1n2onr6\"><div class=\"x78zum5 xdt5ytf x1iyjqo2 x6ikm8r x10wlt62\"><div class=\"x78zum5 xdt5ytf x1iyjqo2 x6ikm8r x10wlt62\"><div class=\"x78zum5 xdt5ytf x1iyjqo2 x6ikm8r x10wlt62 x1n2onr6\"><div class=\"x78zum5 xdt5ytf x1iyjqo2 xs83m0k x1xzczws x6ikm8r x1rife3k x1n2onr6 xh8yej3\"><div class=\"\"><div class=\"x1n2onr6\"><div class=\"xc8icb0 x1ja2u2z\"><div id=\"jsc_c_7h\"><div data-pagelet=\"MWV2MessageList\"><div class=\"x63ui4o x18i3tt1 x6ikm8r x10wlt62\" role=\"grid\" aria-label=\"Messages in conversation with Ulytis \u2764\ufe0f\ud83c\udf0e\ud83d\ude0d\"><div class=\"__fb-light-mode x1n2onr6\" role=\"row\"><div class=\"\"><div class=\"x78zum5 xdt5ytf x1n2onr6\" tabindex=\"0\" role=\"gridcell\" data-release-focus-from=\"CLICK\" data-scope=\"messages_table\"><div class=\"x78zum5\" role=\"none\"><div class=\"x78zum5 x1iyjqo2 xs83m0k xeuugli\" role=\"none\"><div class=\"x1h91t0o xkh2ocl x78zum5 xdt5ytf x13a6bvl xcrg951 x1r145dm\" role=\"none\"><div class=\"x78zum5 xh8yej3\" role=\"none\"><div class=\"x1cy8zhl x78zum5 xdt5ytf x193iq5w x1n2onr6\"><div class=\"x78zum5 xh8yej3\" role=\"none\"><div class=\"x1tlxs6b x1g8br2z x1gn5b1j x230xth x14ctfv x1okitfd x6ikm8r x10wlt62 x1mzt3pk x1y1aw1k xn6708d xwib8y2 x1ye3gou x1n2onr6 x13faqbe x1vjfegm\" role=\"none\"><div class=\"x9f619 x1n2onr6 x1ja2u2z __fb-light-mode\" role=\"none\"><div class=\"x6prxxf x1fc57z9 x1yc453h x126k92a xzsf02u\" dir=\"auto\" role=\"none\">Classic design, <strong>high quality<\/strong> materials and the reliability of Lithuanian manufacturers are the best words to describe ,,Don't flip'' products.<\/div><div dir=\"auto\" role=\"none\">\u00a0<\/div><div class=\"x6prxxf x1fc57z9 x1yc453h x126k92a xzsf02u\" dir=\"auto\" role=\"none\"><strong> \u0160e\u0161i\u0173 ie\u0161m\u0173<\/strong> Kamado vartymo sistema, puikiai tiks \u0161eimoms, draug\u0173 kompanijoms. Sistema veikia nuo i\u0161orin\u0117s baterijos, kuri yra \u012ftraukta \u012f komplektacij\u0105 ir pakrauta veikia iki de\u0161imties valand\u0173 (taip, supratote teisingai, m\u016bs\u0173 produktus galite naudoti bet kur, net ir gamtoje!). Suteikiami ie\u0161m\u0173 fiksatoriai leid\u017eia naudoti \u012fvairaus storio ie\u0161mus. Nedvejokite, \u012fsigykite ir \u012fsitikinkite m\u016bs\u0173 k\u016brinio prakti\u0161kumu patys! \u0160is ,,Kamado &#8211; 6\u2019\u2019 modelis tinka <strong>Kamado Bono GRANDE<\/strong> bei <strong>MEDIA<\/strong>, taip pat gali b\u016bti naudojamas ir su \u012fprastomis\/u\u017edaromomis \u0161a\u0161lykin\u0117mis.<\/div><div dir=\"auto\" role=\"none\">\u00a0<\/div><div class=\"x6prxxf x1fc57z9 x1yc453h x126k92a xzsf02u\" dir=\"auto\" role=\"none\"><strong>Included<\/strong>: ie\u0161m\u0173 vartymo sistema; ie\u0161m\u0173 fiksatoriai; i\u0161orin\u0117 baterija; i\u0161orin\u0117s baterijos pakrovimo laidai, dangtis su termometru. Savyb\u0117s: Kompakti\u0161ka, ner\u016bdijan\u010dio plieno, \u0161e\u0161i\u0173 ie\u0161m\u0173 vartymo sistema, tinkanti \u0161a\u0161lykin\u0117ms, u\u017edaroms \u0161a\u0161lykin\u0117ms\/griliams. Prakti\u0161kas pasirinkimas \u0161eimai, draug\u0173 kompanijai.<\/div><\/div><\/div><\/div><\/div><\/div><\/div><\/div><\/div><\/div><\/div><\/div><div class=\"__fb-light-mode x1n2onr6\" role=\"row\"><div class=\"\"><div class=\"x78zum5 xdt5ytf x1n2onr6\" tabindex=\"-1\" role=\"gridcell\" data-release-focus-from=\"CLICK\" data-scope=\"messages_table\"><div class=\"x78zum5\" role=\"none\"><div class=\"x78zum5 x1iyjqo2 xs83m0k xeuugli\" role=\"none\"><div class=\"x1h91t0o xkh2ocl x78zum5 xdt5ytf x13a6bvl xcrg951 x1r145dm\" role=\"none\"><div class=\"x78zum5 xh8yej3\" role=\"none\"><div class=\"x1cy8zhl x78zum5 xdt5ytf x193iq5w x1n2onr6\"><div class=\"x1h91t0o xkh2ocl x78zum5 xdt5ytf x13a6bvl x193iq5w x1c4vz4f xcrg951\" role=\"none\"><div class=\"x1n2onr6 x1vjfegm\"><div class=\"x11i5rnm xat24cr x1mh8g0r x1vvkbs xdj266r\">\u00a0<\/div><\/div><\/div><\/div><\/div><\/div><\/div><\/div><\/div><\/div><\/div><\/div><\/div><\/div><\/div><\/div><\/div><\/div><\/div><\/div><\/div><\/div><\/div>\n        \t\t<\/div>\n\t\t\t\t<\/div>\n\t\t\t\t\t<\/div>\n\t\t<\/div>\n\t\t\t\t\t\t\t<\/div>\n\t\t<\/section>\n\t\t\t\t\t\t\t<\/div>","protected":false},"excerpt":{"rendered":"<p class=\" translation-block\">Compact, stainless steel, six skewer flipping system suitable for barbecue grills, enclosed barbecue grills\/grills. Practical choice for family, friends.<\/p>\n<ul>\n<li class=\"p1\">Adjustable length<\/li>\n<li class=\"p1\">Adjustable rotation speed<\/li>\n<li class=\"p1\">Powered by a rechargeable external battery<\/li>\n<\/ul>","protected":false},"featured_media":8262,"comment_status":"closed","ping_status":"closed","template":"","meta":{"om_disable_all_campaigns":false,"inline_featured_image":false,"_monsterinsights_skip_tracking":false,"_monsterinsights_sitenote_active":false,"_monsterinsights_sitenote_note":"","_monsterinsights_sitenote_category":0},"product_cat":[77],"product_tag":[],"class_list":{"0":"post-8265","1":"product","2":"type-product","3":"status-publish","4":"has-post-thumbnail","6":"product_cat-uzdaroms-saslykinems","8":"first","9":"outofstock","10":"taxable","11":"shipping-taxable","12":"purchasable","13":"product-type-simple"},"aioseo_notices":[],"_links":{"self":[{"href":"https:\/\/nevartyk.lt\/en\/wp-json\/wp\/v2\/product\/8265","targetHints":{"allow":["GET"]}}],"collection":[{"href":"https:\/\/nevartyk.lt\/en\/wp-json\/wp\/v2\/product"}],"about":[{"href":"https:\/\/nevartyk.lt\/en\/wp-json\/wp\/v2\/types\/product"}],"replies":[{"embeddable":true,"href":"https:\/\/nevartyk.lt\/en\/wp-json\/wp\/v2\/comments?post=8265"}],"version-history":[{"count":5,"href":"https:\/\/nevartyk.lt\/en\/wp-json\/wp\/v2\/product\/8265\/revisions"}],"predecessor-version":[{"id":10426,"href":"https:\/\/nevartyk.lt\/en\/wp-json\/wp\/v2\/product\/8265\/revisions\/10426"}],"wp:featuredmedia":[{"embeddable":true,"href":"https:\/\/nevartyk.lt\/en\/wp-json\/wp\/v2\/media\/8262"}],"wp:attachment":[{"href":"https:\/\/nevartyk.lt\/en\/wp-json\/wp\/v2\/media?parent=8265"}],"wp:term":[{"taxonomy":"product_cat","embeddable":true,"href":"https:\/\/nevartyk.lt\/en\/wp-json\/wp\/v2\/product_cat?post=8265"},{"taxonomy":"product_tag","embeddable":true,"href":"https:\/\/nevartyk.lt\/en\/wp-json\/wp\/v2\/product_tag?post=8265"}],"curies":[{"name":"wp","href":"https:\/\/api.w.org\/{rel}","templated":true}]}}