{"id":4692,"date":"2019-06-25T04:07:34","date_gmt":"2019-06-25T04:07:34","guid":{"rendered":"http:\/\/source.wpopal.com\/strollik5\/?page_id=4692"},"modified":"2024-05-09T17:59:52","modified_gmt":"2024-05-09T17:59:52","slug":"apie-mus","status":"publish","type":"page","link":"https:\/\/nevartyk.lt\/ru\/apie-mus\/","title":{"rendered":"\u041e \u043d\u0430\u0441"},"content":{"rendered":"<div data-elementor-type=\"wp-post\" data-elementor-id=\"4692\" class=\"elementor elementor-4692\">\n\t\t\t\t\t\t\t\t\t<section class=\"elementor-section elementor-top-section elementor-element elementor-element-cf8463d elementor-section-stretched elementor-section-boxed elementor-section-height-default elementor-section-height-default\" data-id=\"cf8463d\" data-element_type=\"section\" data-settings=\"{&quot;stretch_section&quot;:&quot;section-stretched&quot;,&quot;background_background&quot;:&quot;classic&quot;}\">\n\t\t\t\t\t\t<div class=\"elementor-container elementor-column-gap-default\">\n\t\t\t\t\t<div class=\"elementor-column elementor-col-100 elementor-top-column elementor-element elementor-element-d2c5b35\" data-id=\"d2c5b35\" data-element_type=\"column\">\n\t\t\t<div class=\"elementor-widget-wrap elementor-element-populated\">\n\t\t\t\t\t\t\t\t<div class=\"elementor-element elementor-element-3f9a4c0 animated-fast elementor-invisible elementor-widget elementor-widget-heading\" data-id=\"3f9a4c0\" data-element_type=\"widget\" data-settings=\"{&quot;_animation&quot;:&quot;opal-move-up&quot;}\" data-widget_type=\"heading.default\">\n\t\t\t\t<div class=\"elementor-widget-container\">\n\t\t\t<style>\/*! elementor - v3.7.7 - 20-09-2022 *\/\n.elementor-heading-title{padding:0;margin:0;line-height:1}.elementor-widget-heading .elementor-heading-title[class*=elementor-size-]>a{color:inherit;font-size:inherit;line-height:inherit}.elementor-widget-heading .elementor-heading-title.elementor-size-small{font-size:15px}.elementor-widget-heading .elementor-heading-title.elementor-size-medium{font-size:19px}.elementor-widget-heading .elementor-heading-title.elementor-size-large{font-size:29px}.elementor-widget-heading .elementor-heading-title.elementor-size-xl{font-size:39px}.elementor-widget-heading .elementor-heading-title.elementor-size-xxl{font-size:59px}<\/style><h2 class=\"elementor-heading-title elementor-size-default\">\u041d\u0430\u0448\u0430 \u0438\u0441\u0442\u043e\u0440\u0438\u044f<\/h2>\t\t<\/div>\n\t\t\t\t<\/div>\n\t\t\t\t<section class=\"elementor-section elementor-inner-section elementor-element elementor-element-6c82193 elementor-section-boxed elementor-section-height-default elementor-section-height-default\" data-id=\"6c82193\" data-element_type=\"section\" data-settings=\"{&quot;background_background&quot;:&quot;classic&quot;}\">\n\t\t\t\t\t\t<div class=\"elementor-container elementor-column-gap-no\">\n\t\t\t\t\t<div class=\"elementor-column elementor-col-100 elementor-inner-column elementor-element elementor-element-198bbc9\" data-id=\"198bbc9\" data-element_type=\"column\">\n\t\t\t<div class=\"elementor-widget-wrap elementor-element-populated\">\n\t\t\t\t\t\t\t\t<div class=\"elementor-element elementor-element-80d9ca1 animated-fast elementor-invisible elementor-widget elementor-widget-text-editor\" data-id=\"80d9ca1\" data-element_type=\"widget\" data-settings=\"{&quot;_animation&quot;:&quot;opal-move-up&quot;}\" data-widget_type=\"text-editor.default\">\n\t\t\t\t<div class=\"elementor-widget-container\">\n\t\t\t<style>\/*! elementor - v3.7.7 - 20-09-2022 *\/\n.elementor-widget-text-editor.elementor-drop-cap-view-stacked .elementor-drop-cap{background-color:#818a91;color:#fff}.elementor-widget-text-editor.elementor-drop-cap-view-framed .elementor-drop-cap{color:#818a91;border:3px solid;background-color:transparent}.elementor-widget-text-editor:not(.elementor-drop-cap-view-default) .elementor-drop-cap{margin-top:8px}.elementor-widget-text-editor:not(.elementor-drop-cap-view-default) .elementor-drop-cap-letter{width:1em;height:1em}.elementor-widget-text-editor .elementor-drop-cap{float:left;text-align:center;line-height:1;font-size:50px}.elementor-widget-text-editor .elementor-drop-cap-letter{display:inline-block}<\/style>        <div class=\"elementor-text-editor elementor-clearfix\"><p>\u00a0<\/p><p class=\" translation-block\">\u042d\u0442\u043e \u0438\u0434\u0435\u044f \u043e\u0442\u0446\u0430 \u0438 \u0441\u044b\u043d\u0430. \u041c\u044b - \u043b\u044e\u0431\u0438\u0442\u0435\u043b\u0438 \u0448\u0430\u0448\u043b\u044b\u043a\u0430, \u043f\u043e\u044d\u0442\u043e\u043c\u0443 \u043c\u044b \u0445\u043e\u0442\u0435\u043b\u0438 \u0441\u043e\u0437\u0434\u0430\u0442\u044c \u0447\u0442\u043e-\u0442\u043e, \u0447\u0442\u043e \u043e\u0431\u043b\u0435\u0433\u0447\u0438\u0442 \u0436\u0438\u0437\u043d\u044c \u0432\u0441\u0435\u043c \u043f\u043e\u0432\u0430\u0440\u0430\u043c. \u041c\u044b \u0443\u0447\u0438\u043b\u0438\u0441\u044c \u0438 \u0440\u043e\u0441\u043b\u0438 \u0432\u043c\u0435\u0441\u0442\u0435, \u0438 \u043c\u044b \u043f\u043e\u0442\u0440\u0430\u0442\u0438\u043b\u0438 \u043c\u043d\u043e\u0433\u043e \u0432\u0440\u0435\u043c\u0435\u043d\u0438 \u043d\u0430 \u0443\u0441\u043e\u0432\u0435\u0440\u0448\u0435\u043d\u0441\u0442\u0432\u043e\u0432\u0430\u043d\u0438\u0435 \u043d\u0430\u0448\u0435\u0439 \u0438\u0434\u0435\u0438 - \u0441\u0434\u0435\u043b\u0430\u0442\u044c \u043f\u0440\u0438\u0433\u043e\u0442\u043e\u0432\u043b\u0435\u043d\u0438\u0435 \u043f\u0438\u0449\u0438 \u0431\u043e\u043b\u0435\u0435 \u043f\u0440\u043e\u0441\u0442\u044b\u043c, \u0447\u0442\u043e\u0431\u044b \u043c\u044b \u043c\u043e\u0433\u043b\u0438 \u043d\u0430\u0441\u043b\u0430\u0436\u0434\u0430\u0442\u044c\u0441\u044f \u0432\u0440\u0435\u043c\u0435\u043d\u0435\u043c \u0441 \u0441\u0435\u043c\u044c\u0435\u0439 \u0438 \u043e\u0441\u0442\u0430\u0432\u0438\u0442\u044c \u0432 \u0441\u0442\u043e\u0440\u043e\u043d\u0435 \u0432\u0441\u044e \u0432\u043e\u0437\u043d\u044e \u0441 \u043c\u044f\u0441\u043e\u043c \u0438 \u043e\u0432\u043e\u0449\u0430\u043c\u0438. \u0422\u0430\u043a \u0440\u043e\u0434\u0438\u043b\u0430\u0441\u044c \u0438\u0434\u0435\u044f <strong><em>\"Don't flip\"<\/em><\/strong>.<\/p><p>\u0417\u0434\u0435\u0441\u044c \u0412\u044b \u043c\u043e\u0436\u0435\u0442\u0435 \u043d\u0430\u0439\u0442\u0438 \u0430\u043a\u0441\u0435\u0441\u0441\u0443\u0430\u0440\u044b \u0434\u043b\u044f \u043c\u0430\u043d\u0433\u0430\u043b\u0430 \u0434\u043b\u044f \u043f\u0443\u0442\u0435\u0448\u0435\u0441\u0442\u0432\u0438\u0439, \u0430 \u0442\u0430\u043a\u0436\u0435 \u0431\u043e\u043b\u0435\u0435 \u043a\u0440\u0443\u043f\u043d\u044b\u0435 \u043c\u0430\u043d\u0433\u0430\u043b\u044b \u0434\u043b\u044f \u043a\u0430\u0444\u0435 \u0438 \u0440\u0435\u0441\u0442\u043e\u0440\u0430\u043d\u043e\u0432, \u0430 \u043c\u043e\u0436\u0435\u0442 \u0431\u044b\u0442\u044c, \u043f\u0440\u043e\u0441\u0442\u043e \u0434\u043b\u044f \u0431\u043e\u043b\u044c\u0448\u0438\u0445 \u043a\u043e\u043c\u043f\u0430\u043d\u0438\u0439 \u0434\u0440\u0443\u0437\u0435\u0439.<\/p><\/div>\n        \t\t<\/div>\n\t\t\t\t<\/div>\n\t\t\t\t\t<\/div>\n\t\t<\/div>\n\t\t\t\t\t\t\t<\/div>\n\t\t<\/section>\n\t\t\t\t\t<\/div>\n\t\t<\/div>\n\t\t\t\t\t\t\t<\/div>\n\t\t<\/section>\n\t\t\t\t<section class=\"elementor-section elementor-top-section elementor-element elementor-element-7257e19 elementor-section-boxed elementor-section-height-default elementor-section-height-default\" data-id=\"7257e19\" data-element_type=\"section\">\n\t\t\t\t\t\t<div class=\"elementor-container elementor-column-gap-no\">\n\t\t\t\t\t<div class=\"elementor-column elementor-col-100 elementor-top-column elementor-element elementor-element-4f75d02\" data-id=\"4f75d02\" data-element_type=\"column\">\n\t\t\t<div class=\"elementor-widget-wrap elementor-element-populated\">\n\t\t\t\t\t\t\t\t<div class=\"elementor-element elementor-element-bf55f10 animated-fast elementor-invisible elementor-widget elementor-widget-heading\" data-id=\"bf55f10\" data-element_type=\"widget\" data-settings=\"{&quot;_animation&quot;:&quot;opal-move-up&quot;}\" data-widget_type=\"heading.default\">\n\t\t\t\t<div class=\"elementor-widget-container\">\n\t\t\t<h2 class=\"elementor-heading-title elementor-size-default\">Nevartyk to, kas vartosi pats<\/h2>\t\t<\/div>\n\t\t\t\t<\/div>\n\t\t\t\t<div class=\"elementor-element elementor-element-87884c9 animated-fast elementor-invisible elementor-widget elementor-widget-text-editor\" data-id=\"87884c9\" data-element_type=\"widget\" data-settings=\"{&quot;_animation&quot;:&quot;opal-move-up&quot;}\" data-widget_type=\"text-editor.default\">\n\t\t\t\t<div class=\"elementor-widget-container\">\n\t\t\t        <div class=\"elementor-text-editor elementor-clearfix\">\u0421\u044f\u0434\u044c\u0442\u0435 \u043f\u043e\u0443\u0434\u043e\u0431\u043d\u0435\u0435, \u0440\u0430\u0441\u0441\u043b\u0430\u0431\u044c\u0442\u0435\u0441\u044c \u0438 \u043d\u0430\u0441\u043b\u0430\u0436\u0434\u0430\u0439\u0442\u0435\u0441\u044c \u0432\u0440\u0435\u043c\u0435\u043d\u0435\u043c \u0441\u043e \u0441\u0432\u043e\u0435\u0439 \u0441\u0435\u043c\u044c\u0435\u0439 \u0438 \u0434\u0440\u0443\u0437\u044c\u044f\u043c\u0438, \u0430 \u043f\u0435\u0440\u0435\u0432\u043e\u0440\u0430\u0447\u0438\u0432\u0430\u043d\u0438\u0435 \u043f\u0440\u0435\u0434\u043e\u0441\u0442\u0430\u0432\u044c\u0442\u0435 \u043d\u0430\u043c!<\/div>\n        \t\t<\/div>\n\t\t\t\t<\/div>\n\t\t\t\t<div class=\"elementor-element elementor-element-1a16619 elementor-align-center animated-fast elementor-button-primary elementor-invisible elementor-widget elementor-widget-button\" data-id=\"1a16619\" data-element_type=\"widget\" data-settings=\"{&quot;_animation&quot;:&quot;opal-move-up&quot;}\" data-widget_type=\"button.default\">\n\t\t\t\t<div class=\"elementor-widget-container\">\n\t\t\t        <div class=\"elementor-button-wrapper\">\n            <a href=\"https:\/\/nevartyk.lt\/ru\/parduotuve\/\" class=\"elementor-button-link elementor-button elementor-size-md\" role=\"button\">\n                \t\t<span class=\"elementor-button-content-wrapper\">\n\t\t\t\t\t\t\t<span class=\"elementor-button-icon elementor-align-icon-right\">\n\t\t\t\t\t\t\t\t\t<i class=\"opal-icon-long-arrow-right\" aria-hidden=\"true\"><\/i>\n\t\t\t\t\t\t\t<\/span>\n\t\t\t\t\t\t<span class=\"elementor-button-text\">\u041c\u0430\u0433\u0430\u0437\u0438\u043d<\/span>\n\t\t<\/span>\n\t\t            <\/a>\n        <\/div>\n        \t\t<\/div>\n\t\t\t\t<\/div>\n\t\t\t\t\t<\/div>\n\t\t<\/div>\n\t\t\t\t\t\t\t<\/div>\n\t\t<\/section>\n\t\t\t\t\t\t\t<\/div>","protected":false},"excerpt":{"rendered":"<p>M\u016bs\u0173 istorija \u00a0 Tai \u2013 t\u0117vo ir s\u016bnaus id\u0117ja. Esame \u0161a\u0161lyk\u0173 m\u0117g\u0117jai, tod\u0117l nor\u0117jome sukurti ka\u017ek\u0105, kas palengvint\u0173 visiems maisto kep\u0117jams gyvenim\u0105. Kartu mok\u0117m\u0117s ir augome, ilgai tobulinome m\u016bs\u0173 id\u0117j\u0105 \u2013 maisto kepim\u0105 paversti paprastesniu tam, jog gal\u0117tume d\u017eiaugtis laiku su \u0161eima, o vis\u0105 m\u0117sos, dar\u017eovi\u0173 gaminim\u0105 palikti nuo\u0161alyje vartytis pa\u010diam. B\u016btent taip gim\u0117 Nevartyk. &hellip; <\/p>\n<p class=\"link-more\"><a href=\"https:\/\/nevartyk.lt\/ru\/apie-mus\/\" class=\"more-link\">Read More <span class=\"screen-reader-text\"> &#8220;Apie mus&#8221;<\/span><\/a><\/p>","protected":false},"author":1,"featured_media":0,"parent":0,"menu_order":0,"comment_status":"closed","ping_status":"closed","template":"page-elementor.php","meta":{"om_disable_all_campaigns":false,"inline_featured_image":false,"_monsterinsights_skip_tracking":false,"_monsterinsights_sitenote_active":false,"_monsterinsights_sitenote_note":"","_monsterinsights_sitenote_category":0,"footnotes":""},"class_list":["post-4692","page","type-page","status-publish","hentry"],"aioseo_notices":[],"_links":{"self":[{"href":"https:\/\/nevartyk.lt\/ru\/wp-json\/wp\/v2\/pages\/4692","targetHints":{"allow":["GET"]}}],"collection":[{"href":"https:\/\/nevartyk.lt\/ru\/wp-json\/wp\/v2\/pages"}],"about":[{"href":"https:\/\/nevartyk.lt\/ru\/wp-json\/wp\/v2\/types\/page"}],"author":[{"embeddable":true,"href":"https:\/\/nevartyk.lt\/ru\/wp-json\/wp\/v2\/users\/1"}],"replies":[{"embeddable":true,"href":"https:\/\/nevartyk.lt\/ru\/wp-json\/wp\/v2\/comments?post=4692"}],"version-history":[{"count":6,"href":"https:\/\/nevartyk.lt\/ru\/wp-json\/wp\/v2\/pages\/4692\/revisions"}],"predecessor-version":[{"id":9845,"href":"https:\/\/nevartyk.lt\/ru\/wp-json\/wp\/v2\/pages\/4692\/revisions\/9845"}],"wp:attachment":[{"href":"https:\/\/nevartyk.lt\/ru\/wp-json\/wp\/v2\/media?parent=4692"}],"curies":[{"name":"wp","href":"https:\/\/api.w.org\/{rel}","templated":true}]}}