{"id":8047,"date":"2023-05-05T10:00:19","date_gmt":"2023-05-05T10:00:19","guid":{"rendered":"https:\/\/nevartyk.lt\/?page_id=8047"},"modified":"2026-04-22T23:25:00","modified_gmt":"2026-04-22T23:25:00","slug":"kontaktai","status":"publish","type":"page","link":"https:\/\/nevartyk.lt\/ru\/kontaktai\/","title":{"rendered":"\u0421\u0432\u044f\u0436\u0438\u0442\u0435\u0441\u044c \u0441 \u043d\u0430\u043c\u0438"},"content":{"rendered":"<div data-elementor-type=\"wp-page\" data-elementor-id=\"8047\" class=\"elementor elementor-8047\">\n\t\t\t\t\t\t\t\t\t<section class=\"elementor-section elementor-top-section elementor-element elementor-element-ba110ac elementor-section-boxed elementor-section-height-default elementor-section-height-default\" data-id=\"ba110ac\" data-element_type=\"section\">\n\t\t\t\t\t\t<div class=\"elementor-container elementor-column-gap-default\">\n\t\t\t\t\t<div class=\"elementor-column elementor-col-50 elementor-top-column elementor-element elementor-element-b137929\" data-id=\"b137929\" data-element_type=\"column\">\n\t\t\t<div class=\"elementor-widget-wrap elementor-element-populated\">\n\t\t\t\t\t\t\t\t<div class=\"elementor-element elementor-element-97cd7cd elementor-widget elementor-widget-heading\" data-id=\"97cd7cd\" data-element_type=\"widget\" data-widget_type=\"heading.default\">\n\t\t\t\t<div class=\"elementor-widget-container\">\n\t\t\t<style>\/*! elementor - v3.7.7 - 20-09-2022 *\/\n.elementor-heading-title{padding:0;margin:0;line-height:1}.elementor-widget-heading .elementor-heading-title[class*=elementor-size-]>a{color:inherit;font-size:inherit;line-height:inherit}.elementor-widget-heading .elementor-heading-title.elementor-size-small{font-size:15px}.elementor-widget-heading .elementor-heading-title.elementor-size-medium{font-size:19px}.elementor-widget-heading .elementor-heading-title.elementor-size-large{font-size:29px}.elementor-widget-heading .elementor-heading-title.elementor-size-xl{font-size:39px}.elementor-widget-heading .elementor-heading-title.elementor-size-xxl{font-size:59px}<\/style><h2 class=\"elementor-heading-title elementor-size-default\">Mus rasite<\/h2>\t\t<\/div>\n\t\t\t\t<\/div>\n\t\t\t\t<div class=\"elementor-element elementor-element-de9cd86 elementor-widget elementor-widget-text-editor\" data-id=\"de9cd86\" data-element_type=\"widget\" data-widget_type=\"text-editor.default\">\n\t\t\t\t<div class=\"elementor-widget-container\">\n\t\t\t<style>\/*! elementor - v3.7.7 - 20-09-2022 *\/\n.elementor-widget-text-editor.elementor-drop-cap-view-stacked .elementor-drop-cap{background-color:#818a91;color:#fff}.elementor-widget-text-editor.elementor-drop-cap-view-framed .elementor-drop-cap{color:#818a91;border:3px solid;background-color:transparent}.elementor-widget-text-editor:not(.elementor-drop-cap-view-default) .elementor-drop-cap{margin-top:8px}.elementor-widget-text-editor:not(.elementor-drop-cap-view-default) .elementor-drop-cap-letter{width:1em;height:1em}.elementor-widget-text-editor .elementor-drop-cap{float:left;text-align:center;line-height:1;font-size:50px}.elementor-widget-text-editor .elementor-drop-cap-letter{display:inline-block}<\/style>        <div class=\"elementor-text-editor elementor-clearfix\"><p><strong style=\"font-family: Montserrat, -apple-system, BlinkMacSystemFont, 'Segoe UI', Roboto, 'Helvetica Neue', Arial, sans-serif;\">UAB NEVARTYK\u00a0<\/strong><\/p><p><strong style=\"font-family: Montserrat, -apple-system, BlinkMacSystemFont, 'Segoe UI', Roboto, 'Helvetica Neue', Arial, sans-serif;\">Kaunas, Domeikava. Vand\u017eiogalos pl 106G<\/strong><\/p><p><b>kontaktai@nevartyk.lt<\/b><\/p><p><span style=\"font-family: Montserrat, -apple-system, BlinkMacSystemFont, 'Segoe UI', Roboto, 'Helvetica Neue', Arial, sans-serif;\">Telefonas: +37064040599<\/span><\/p><p><strong>\u041c\u0435\u0436\u0434\u0443\u043d\u0430\u0440. \u043a\u043e\u0434:<\/strong><span style=\"font-family: Montserrat, -apple-system, BlinkMacSystemFont, 'Segoe UI', Roboto, 'Helvetica Neue', Arial, sans-serif;\"> 306377954<\/span><\/p><\/div>\n        \t\t<\/div>\n\t\t\t\t<\/div>\n\t\t\t\t\t<\/div>\n\t\t<\/div>\n\t\t\t\t<div class=\"elementor-column elementor-col-50 elementor-top-column elementor-element elementor-element-f2d39fc\" data-id=\"f2d39fc\" data-element_type=\"column\">\n\t\t\t<div class=\"elementor-widget-wrap\">\n\t\t\t\t\t\t\t\t\t<\/div>\n\t\t<\/div>\n\t\t\t\t\t\t\t<\/div>\n\t\t<\/section>\n\t\t\t\t<section class=\"elementor-section elementor-top-section elementor-element elementor-element-c239969 elementor-hidden-desktop elementor-hidden-tablet elementor-hidden-mobile elementor-section-boxed elementor-section-height-default elementor-section-height-default\" data-id=\"c239969\" data-element_type=\"section\">\n\t\t\t\t\t\t<div class=\"elementor-container elementor-column-gap-default\">\n\t\t\t\t\t<div class=\"elementor-column elementor-col-100 elementor-top-column elementor-element elementor-element-79fa060\" data-id=\"79fa060\" data-element_type=\"column\">\n\t\t\t<div class=\"elementor-widget-wrap elementor-element-populated\">\n\t\t\t\t\t\t\t\t<div class=\"elementor-element elementor-element-0a34c84 elementor-widget elementor-widget-google_maps\" data-id=\"0a34c84\" data-element_type=\"widget\" data-widget_type=\"google_maps.default\">\n\t\t\t\t<div class=\"elementor-widget-container\">\n\t\t\t<style>\/*! elementor - v3.7.7 - 20-09-2022 *\/\n.elementor-widget-google_maps .elementor-widget-container{overflow:hidden}.elementor-widget-google_maps iframe{height:300px}<\/style>\t\t<div class=\"elementor-custom-embed\">\n\t\t\t<iframe frameborder=\"0\" scrolling=\"no\" marginheight=\"0\" marginwidth=\"0\"\n\t\t\t\t\tsrc=\"https:\/\/maps.google.com\/maps?q=S.Rickevi%C4%8Diaus%20firma%20%2B37064040599%20Kaunas%20K.%C5%A0kirpos%202&#038;t=m&#038;z=10&#038;output=embed&#038;iwloc=near\"\n\t\t\t\t\ttitle=\"S.Rickevi\u010diaus firma +37064040599 Kaunas K.\u0160kirpos 2\"\n\t\t\t\t\taria-label=\"S.Rickevi\u010diaus firma +37064040599 Kaunas K.\u0160kirpos 2\"\n\t\t\t><\/iframe>\n\t\t<\/div>\n\t\t\t\t<\/div>\n\t\t\t\t<\/div>\n\t\t\t\t\t<\/div>\n\t\t<\/div>\n\t\t\t\t\t\t\t<\/div>\n\t\t<\/section>\n\t\t\t\t<section class=\"elementor-section elementor-top-section elementor-element elementor-element-4a0c6c3 elementor-section-boxed elementor-section-height-default elementor-section-height-default\" data-id=\"4a0c6c3\" data-element_type=\"section\">\n\t\t\t\t\t\t<div class=\"elementor-container elementor-column-gap-default\">\n\t\t\t\t\t<div class=\"elementor-column elementor-col-100 elementor-top-column elementor-element elementor-element-e1398dc\" data-id=\"e1398dc\" data-element_type=\"column\">\n\t\t\t<div class=\"elementor-widget-wrap elementor-element-populated\">\n\t\t\t\t\t\t\t\t<div class=\"elementor-element elementor-element-01b9267 elementor-widget elementor-widget-text-editor\" data-id=\"01b9267\" data-element_type=\"widget\" data-widget_type=\"text-editor.default\">\n\t\t\t\t<div class=\"elementor-widget-container\">\n\t\t\t        <div class=\"elementor-text-editor elementor-clearfix\"><p>\u0412\u044b \u0442\u0430\u043a\u0436\u0435 \u043c\u043e\u0436\u0435\u0442\u0435 \u043d\u0430\u0439\u0442\u0438 \u0442\u043e\u043a\u0430\u0440\u043d\u044b\u0435 \u0441\u0442\u0430\u043d\u043a\u0438 Don't Flip \u0432 \u043c\u0430\u0433\u0430\u0437\u0438\u043d\u0430\u0445 \u043d\u0430\u0448\u0438\u0445 \u043f\u0430\u0440\u0442\u043d\u0435\u0440\u043e\u0432:<\/p><p><strong>Griliai.lt<\/strong> A\u0434\u0440\u0435\u0441: Galind\u0173 g. 9, 47114, Kaunas<\/p><p><strong>Grillman<\/strong> A\u0434\u0440\u0435\u0441: Ulon\u0173 g. 2, 01509, Vilnius<\/p><\/div>\n        \t\t<\/div>\n\t\t\t\t<\/div>\n\t\t\t\t\t<\/div>\n\t\t<\/div>\n\t\t\t\t\t\t\t<\/div>\n\t\t<\/section>\n\t\t\t\t\t\t\t<\/div>","protected":false},"excerpt":{"rendered":"<p>Mus rasite UAB NEVARTYK\u00a0 Kaunas, Domeikava. Vand\u017eiogalos pl 106G kontaktai@nevartyk.lt Telefonas: +37064040599 \u012em. kodas: 306377954 Taip pat Nevartyk ie\u0161m\u0173 vartymo sistemas galite rasti ir m\u016bs\u0173 partneri\u0173 parduotuv\u0117se: Griliai.lt Adresas: Galind\u0173 g. 9, 47114, Kaunas Grillman Adresas: Ulon\u0173 g. 2, 01509, Vilnius<\/p>","protected":false},"author":4,"featured_media":0,"parent":0,"menu_order":0,"comment_status":"closed","ping_status":"closed","template":"","meta":{"om_disable_all_campaigns":false,"inline_featured_image":false,"_monsterinsights_skip_tracking":false,"_monsterinsights_sitenote_active":false,"_monsterinsights_sitenote_note":"","_monsterinsights_sitenote_category":0,"footnotes":""},"class_list":["post-8047","page","type-page","status-publish","hentry"],"aioseo_notices":[],"_links":{"self":[{"href":"https:\/\/nevartyk.lt\/ru\/wp-json\/wp\/v2\/pages\/8047","targetHints":{"allow":["GET"]}}],"collection":[{"href":"https:\/\/nevartyk.lt\/ru\/wp-json\/wp\/v2\/pages"}],"about":[{"href":"https:\/\/nevartyk.lt\/ru\/wp-json\/wp\/v2\/types\/page"}],"author":[{"embeddable":true,"href":"https:\/\/nevartyk.lt\/ru\/wp-json\/wp\/v2\/users\/4"}],"replies":[{"embeddable":true,"href":"https:\/\/nevartyk.lt\/ru\/wp-json\/wp\/v2\/comments?post=8047"}],"version-history":[{"count":21,"href":"https:\/\/nevartyk.lt\/ru\/wp-json\/wp\/v2\/pages\/8047\/revisions"}],"predecessor-version":[{"id":11914,"href":"https:\/\/nevartyk.lt\/ru\/wp-json\/wp\/v2\/pages\/8047\/revisions\/11914"}],"wp:attachment":[{"href":"https:\/\/nevartyk.lt\/ru\/wp-json\/wp\/v2\/media?parent=8047"}],"curies":[{"name":"wp","href":"https:\/\/api.w.org\/{rel}","templated":true}]}}