{"id":8602,"date":"2023-06-16T12:13:25","date_gmt":"2023-06-16T12:13:25","guid":{"rendered":"https:\/\/nevartyk.lt\/?page_id=8602"},"modified":"2023-08-04T09:17:18","modified_gmt":"2023-08-04T09:17:18","slug":"daznai-uzduodami-klausimai","status":"publish","type":"page","link":"https:\/\/nevartyk.lt\/ru\/daznai-uzduodami-klausimai\/","title":{"rendered":"Da\u017enai u\u017eduodami klausimai"},"content":{"rendered":"<div data-elementor-type=\"wp-page\" data-elementor-id=\"8602\" class=\"elementor elementor-8602\">\n\t\t\t\t\t\t\t\t\t<section class=\"elementor-section elementor-top-section elementor-element elementor-element-135c8c6a elementor-section-boxed elementor-section-height-default elementor-section-height-default\" data-id=\"135c8c6a\" data-element_type=\"section\">\n\t\t\t\t\t\t<div class=\"elementor-container elementor-column-gap-default\">\n\t\t\t\t\t<div class=\"elementor-column elementor-col-100 elementor-top-column elementor-element elementor-element-57aee702\" data-id=\"57aee702\" data-element_type=\"column\">\n\t\t\t<div class=\"elementor-widget-wrap elementor-element-populated\">\n\t\t\t\t\t\t\t\t<div class=\"elementor-element elementor-element-17a572f elementor-widget elementor-widget-shortcode\" data-id=\"17a572f\" data-element_type=\"widget\" data-widget_type=\"shortcode.default\">\n\t\t\t\t<div class=\"elementor-widget-container\">\n\t\t\t\t\t<div class=\"elementor-shortcode\">\n<div data-elementor-type=\"section\" data-elementor-id=\"8636\" class=\"elementor elementor-8636\">\n<section class=\"elementor-section elementor-top-section elementor-element elementor-element-28852699 elementor-section-boxed elementor-section-height-default elementor-section-height-default\" data-id=\"28852699\" data-element_type=\"section\">\n<div class=\"elementor-container elementor-column-gap-default\">\n<div class=\"elementor-column elementor-col-100 elementor-top-column elementor-element elementor-element-6f26a9f8\" data-id=\"6f26a9f8\" data-element_type=\"column\">\n<div class=\"elementor-widget-wrap elementor-element-populated\">\n<div class=\"elementor-element elementor-element-61802dd1 elementor-widget elementor-widget-spacer\" data-id=\"61802dd1\" data-element_type=\"widget\" data-widget_type=\"spacer.default\">\n<div class=\"elementor-widget-container\">\n<style>\/*! elementor - v3.7.7 - 20-09-2022 *\/\n.elementor-column .elementor-spacer-inner{height:var(--spacer-size)}.e-container{--container-widget-width:100%}.e-container>.elementor-widget-spacer{width:var(--container-widget-width,var(--spacer-size));-ms-flex-item-align:stretch;align-self:stretch;-ms-flex-negative:0;flex-shrink:0}.e-container>.elementor-widget-spacer>.elementor-widget-container,.e-container>.elementor-widget-spacer>.elementor-widget-container>.elementor-spacer{height:100%}.e-container>.elementor-widget-spacer>.elementor-widget-container>.elementor-spacer>.elementor-spacer-inner{height:var(--container-widget-height,var(--spacer-size))}<\/style>\n<div class=\"elementor-spacer\">\n<div class=\"elementor-spacer-inner\"><\/div>\n<\/p><\/div>\n<\/p><\/div>\n<\/p><\/div>\n<div class=\"elementor-element elementor-element-5a44e975 custom-toggle elementor-event-type-toggle elementor-widget elementor-widget-toggle\" data-id=\"5a44e975\" data-element_type=\"widget\" data-widget_type=\"toggle.default\">\n<div class=\"elementor-widget-container\">\n<style>\/*! elementor - v3.7.7 - 20-09-2022 *\/\n.elementor-toggle{text-align:left}.elementor-toggle .elementor-tab-title{font-weight:700;line-height:1;margin:0;padding:15px;border-bottom:1px solid #d4d4d4;cursor:pointer;outline:none}.elementor-toggle .elementor-tab-title .elementor-toggle-icon{display:inline-block;width:1em}.elementor-toggle .elementor-tab-title .elementor-toggle-icon svg{-webkit-margin-start:-5px;margin-inline-start:-5px;width:1em;height:1em}.elementor-toggle .elementor-tab-title .elementor-toggle-icon.elementor-toggle-icon-right{float:right;text-align:right}.elementor-toggle .elementor-tab-title .elementor-toggle-icon.elementor-toggle-icon-left{float:left;text-align:left}.elementor-toggle .elementor-tab-title .elementor-toggle-icon .elementor-toggle-icon-closed{display:block}.elementor-toggle .elementor-tab-title .elementor-toggle-icon .elementor-toggle-icon-opened{display:none}.elementor-toggle .elementor-tab-title.elementor-active{border-bottom:none}.elementor-toggle .elementor-tab-title.elementor-active .elementor-toggle-icon-closed{display:none}.elementor-toggle .elementor-tab-title.elementor-active .elementor-toggle-icon-opened{display:block}.elementor-toggle .elementor-tab-content{padding:15px;border-bottom:1px solid #d4d4d4;display:none}@media (max-width:767px){.elementor-toggle .elementor-tab-title{padding:12px}.elementor-toggle .elementor-tab-content{padding:12px 10px}}.e-container>.elementor-widget-toggle{width:var(--container-widget-width,100%)}<\/style>\n<div class=\"elementor-toggle\" role=\"tablist\">\n<div class=\"elementor-toggle-item\">\n<div id=\"elementor-tab-title-1511\" class=\"elementor-tab-title\" tabindex=\"1511\" data-tab=\"1\" role=\"tab\" aria-controls=\"elementor-tab-content-1511\">\n\t\t\t\t\t\t\t\t\t\t\t\t<span class=\"elementor-toggle-icon elementor-toggle-icon-right\" aria-hidden=\"true\"><br \/>\n\t\t\t\t\t\t\t<i class=\"elementor-toggle-icon-closed fa fa-caret-right\"><\/i><br \/>\n\t\t\t\t\t\t\t<i class=\"elementor-toggle-icon-opened fa fa-caret-up\"><\/i><br \/>\n\t\t\t\t\t\t<\/span><br \/>\n\t\t\t\t\t\t\t\t\t\t\t\t\u041f\u043e\u0434\u043e\u0439\u0434\u0435\u0442 \u043b\u0438 \u044d\u0442\u043e \u0443\u0441\u0442\u0440\u043e\u0439\u0441\u0442\u0432\u043e \u043a \u043c\u043e\u0435\u043c\u0443 \u043c\u0430\u043d\u0433\u0430\u043b\u0443\/\u0433\u0440\u0438\u043b\u044e \u041a\u0430\u043c\u0430\u0434\u043e?\t\t\t\t\t<\/div>\n<div id=\"elementor-tab-content-1511\" class=\"elementor-tab-content elementor-clearfix\" data-tab=\"1\" role=\"tabpanel\" aria-labelledby=\"elementor-tab-title-1511\">\n<p>\u0414\u0430. \u0421\u0438\u0441\u0442\u0435\u043c\u044b \u043f\u0435\u0440\u0435\u0432\u043e\u0440\u0430\u0447\u0438\u0432\u0430\u043d\u0438\u044f (\u0441 \u0432\u043e\u0437\u043c\u043e\u0436\u043d\u043e\u0441\u0442\u044c\u044e \u0440\u0435\u0433\u0443\u043b\u0438\u0440\u043e\u0432\u043a\u0438 \u0440\u0430\u0437\u043c\u0435\u0440\u0430) \u043f\u0440\u0435\u0434\u043d\u0430\u0437\u043d\u0430\u0447\u0435\u043d\u044b \u0434\u043b\u044f \u0443\u0441\u0442\u0430\u043d\u043e\u0432\u043a\u0438 \u043d\u0430 \u043b\u044e\u0431\u043e\u0439 \u0440\u0430\u0437\u043c\u0435\u0440 \u043c\u0430\u043d\u0433\u0430\u043b\u0430 \u0438\u043b\u0438 \u0433\u0440\u0438\u043b\u044f\/ \u0437\u0430\u043a\u0440\u044b\u0442\u043e\u0433\u043e \u0433\u0440\u0438\u043b\u044f. \u0422\u043e\u043b\u044c\u043a\u043e \u0441\u0438\u0441\u0442\u0435\u043c\u044b \u043f\u0435\u0440\u0435\u0432\u043e\u0440\u0430\u0447\u0438\u0432\u0430\u043d\u0438\u044f \u0448\u0430\u043c\u043f\u0443\u0440\u043e\u0432 Kamado \u0443\u043d\u0438\u043a\u0430\u043b\u044c\u043d\u044b \u0442\u0435\u043c, \u0447\u0442\u043e \u043e\u043d\u0438 \u043f\u0440\u0438\u0441\u043f\u043e\u0441\u043e\u0431\u043b\u0435\u043d\u044b \u0442\u043e\u043b\u044c\u043a\u043e \u043a \u043e\u043f\u0440\u0435\u0434\u0435\u043b\u0435\u043d\u043d\u043e\u0439 \u043c\u043e\u0434\u0435\u043b\u0438. \u0412 \u043d\u0430\u0441\u0442\u043e\u044f\u0449\u0435\u0435 \u0432\u0440\u0435\u043c\u044f \u0434\u043e\u0441\u0442\u0443\u043f\u043d\u044b \u0441\u043b\u0435\u0434\u0443\u044e\u0449\u0438\u0435 \u043c\u043e\u0434\u0435\u043b\u0438 Kamado: \"Media\" \u0438 \"Grande\".<\/p>\n<\/div><\/div>\n<div class=\"elementor-toggle-item\">\n<div id=\"elementor-tab-title-1512\" class=\"elementor-tab-title\" tabindex=\"1512\" data-tab=\"2\" role=\"tab\" aria-controls=\"elementor-tab-content-1512\">\n\t\t\t\t\t\t\t\t\t\t\t\t<span class=\"elementor-toggle-icon elementor-toggle-icon-right\" aria-hidden=\"true\"><br \/>\n\t\t\t\t\t\t\t<i class=\"elementor-toggle-icon-closed fa fa-caret-right\"><\/i><br \/>\n\t\t\t\t\t\t\t<i class=\"elementor-toggle-icon-opened fa fa-caret-up\"><\/i><br \/>\n\t\t\t\t\t\t<\/span><br \/>\n\t\t\t\t\t\t\t\t\t\t\t\t\u041c\u043e\u0436\u043d\u043e \u043b\u0438 \u0440\u0435\u0433\u0443\u043b\u0438\u0440\u043e\u0432\u0430\u0442\u044c \u0432\u0440\u0430\u0449\u0435\u043d\u0438\u0435 \u0448\u0430\u043c\u043f\u0443\u0440\u043e\u0432?\t\t\t\t\t<\/div>\n<div id=\"elementor-tab-content-1512\" class=\"elementor-tab-content elementor-clearfix\" data-tab=\"2\" role=\"tabpanel\" aria-labelledby=\"elementor-tab-title-1512\">\n<p>\u0414\u0430, \u0412\u044b \u043c\u043e\u0436\u0435\u0442\u0435 \u0440\u0435\u0433\u0443\u043b\u0438\u0440\u043e\u0432\u0430\u0442\u044c \u0441\u043a\u043e\u0440\u043e\u0441\u0442\u044c \u0432\u0440\u0430\u0449\u0435\u043d\u0438\u044f \u0448\u0430\u043c\u043f\u0443\u0440\u043e\u0432 \u0432 \u0441\u043e\u043e\u0442\u0432\u0435\u0442\u0441\u0442\u0432\u0438\u0438 \u0441 \u0412\u0430\u0448\u0438\u043c\u0438 \u043f\u043e\u0442\u0440\u0435\u0431\u043d\u043e\u0441\u0442\u044f\u043c\u0438 - \u043e\u0442 \u043e\u0447\u0435\u043d\u044c \u043c\u0435\u0434\u043b\u0435\u043d\u043d\u043e\u0439 \u0434\u043e \u043e\u0447\u0435\u043d\u044c \u0431\u044b\u0441\u0442\u0440\u043e\u0439.<\/p>\n<\/div><\/div>\n<div class=\"elementor-toggle-item\">\n<div id=\"elementor-tab-title-1513\" class=\"elementor-tab-title\" tabindex=\"1513\" data-tab=\"3\" role=\"tab\" aria-controls=\"elementor-tab-content-1513\">\n\t\t\t\t\t\t\t\t\t\t\t\t<span class=\"elementor-toggle-icon elementor-toggle-icon-right\" aria-hidden=\"true\"><br \/>\n\t\t\t\t\t\t\t<i class=\"elementor-toggle-icon-closed fa fa-caret-right\"><\/i><br \/>\n\t\t\t\t\t\t\t<i class=\"elementor-toggle-icon-opened fa fa-caret-up\"><\/i><br \/>\n\t\t\t\t\t\t<\/span><br \/>\n\t\t\t\t\t\t\t\t\t\t\t\t\u0427\u0442\u043e \u0432\u0445\u043e\u0434\u0438\u0442 \u0432 \u0441\u0438\u0441\u0442\u0435\u043c\u0443 \u043f\u0435\u0440\u0435\u0432\u043e\u0440\u0430\u0447\u0438\u0432\u0430\u043d\u0438\u044f \u0448\u0430\u043c\u043f\u0443\u0440\u043e\u0432 \"Don't flip\"?\t\t\t\t\t<\/div>\n<div id=\"elementor-tab-content-1513\" class=\"elementor-tab-content elementor-clearfix\" data-tab=\"3\" role=\"tabpanel\" aria-labelledby=\"elementor-tab-title-1513\">\n<p>\u0412 \u043a\u043e\u043c\u043f\u043b\u0435\u043a\u0442\u0430\u0446\u0438\u044e \u0432\u0445\u043e\u0434\u0438\u0442 \u0443\u0441\u0442\u0440\u043e\u0439\u0441\u0442\u0432\u043e \"Don't flip\", \u0432\u043d\u0435\u0448\u043d\u0438\u0439 \u043f\u0435\u0440\u0435\u0437\u0430\u0440\u044f\u0436\u0430\u0435\u043c\u044b\u0439 \u0430\u043a\u043a\u0443\u043c\u0443\u043b\u044f\u0442\u043e\u0440 (powerbank), \u0444\u0438\u043a\u0441\u0430\u0442\u043e\u0440\u044b \u0448\u0430\u043c\u043f\u0443\u0440\u043e\u0432 \u0438 \u0438\u043d\u0441\u0442\u0440\u0443\u043a\u0446\u0438\u0438. \u0421\u0438\u0441\u0442\u0435\u043c\u0430 \u043f\u0435\u0440\u0435\u0432\u043e\u0440\u0430\u0447\u0438\u0432\u0430\u043d\u0438\u044f \u0448\u0430\u043c\u043f\u0443\u0440\u043e\u0432 Kamado \u0442\u0430\u043a\u0436\u0435 \u0432\u043a\u043b\u044e\u0447\u0430\u0435\u0442 \u043a\u0440\u044b\u0448\u043a\u0443 \u0441 \u0442\u0435\u0440\u043c\u043e\u043c\u0435\u0442\u0440\u043e\u043c \u0438 \u043e\u0441\u043d\u043e\u0432\u0430\u043d\u0438\u0435 \u0434\u043b\u044f \u0441\u0438\u0441\u0442\u0435\u043c\u044b, \u043a\u043e\u0442\u043e\u0440\u043e\u0435 \u0443\u0441\u0442\u0430\u043d\u0430\u0432\u043b\u0438\u0432\u0430\u0435\u0442\u0441\u044f \u043d\u0430 Kamado.<\/p>\n<\/div><\/div>\n<div class=\"elementor-toggle-item\">\n<div id=\"elementor-tab-title-1514\" class=\"elementor-tab-title\" tabindex=\"1514\" data-tab=\"4\" role=\"tab\" aria-controls=\"elementor-tab-content-1514\">\n\t\t\t\t\t\t\t\t\t\t\t\t<span class=\"elementor-toggle-icon elementor-toggle-icon-right\" aria-hidden=\"true\"><br \/>\n\t\t\t\t\t\t\t<i class=\"elementor-toggle-icon-closed fa fa-caret-right\"><\/i><br \/>\n\t\t\t\t\t\t\t<i class=\"elementor-toggle-icon-opened fa fa-caret-up\"><\/i><br \/>\n\t\t\t\t\t\t<\/span><br \/>\n\t\t\t\t\t\t\t\t\t\t\t\t\u0412\u0445\u043e\u0434\u044f\u0442 \u043b\u0438 \u0432\u0438\u043b\u043a\u0438 \u0432 \u0444\u043b\u0438\u043f-\u0441\u0438\u0441\u0442\u0435\u043c\u0443?\t\t\t\t\t<\/div>\n<div id=\"elementor-tab-content-1514\" class=\"elementor-tab-content elementor-clearfix\" data-tab=\"4\" role=\"tabpanel\" aria-labelledby=\"elementor-tab-title-1514\">\n<p>Ie\u0161mai ne\u012feina \u012f komplektacij\u0105, juos galima pirkti atskirai arba naudoti savo turimus ie\u0161mus.<\/p>\n<\/div><\/div>\n<div class=\"elementor-toggle-item\">\n<div id=\"elementor-tab-title-1515\" class=\"elementor-tab-title\" tabindex=\"1515\" data-tab=\"5\" role=\"tab\" aria-controls=\"elementor-tab-content-1515\">\n\t\t\t\t\t\t\t\t\t\t\t\t<span class=\"elementor-toggle-icon elementor-toggle-icon-right\" aria-hidden=\"true\"><br \/>\n\t\t\t\t\t\t\t<i class=\"elementor-toggle-icon-closed fa fa-caret-right\"><\/i><br \/>\n\t\t\t\t\t\t\t<i class=\"elementor-toggle-icon-opened fa fa-caret-up\"><\/i><br \/>\n\t\t\t\t\t\t<\/span><br \/>\n\t\t\t\t\t\t\t\t\t\t\t\t\u0412\u0445\u043e\u0434\u044f\u0442 \u043b\u0438 \u0448\u0430\u043c\u043f\u0443\u0440\u044b \u0432 \u0441\u0438\u0441\u0442\u0435\u043c\u0443 \u043f\u0435\u0440\u0435\u0432\u043e\u0440\u0430\u0447\u0438\u0432\u0430\u043d\u0438\u044f?\t\t\t\t\t<\/div>\n<div id=\"elementor-tab-content-1515\" class=\"elementor-tab-content elementor-clearfix\" data-tab=\"5\" role=\"tabpanel\" aria-labelledby=\"elementor-tab-title-1515\">\n<p>\u0428\u0430\u043c\u043f\u0443\u0440\u044b \u0432 \u043a\u043e\u043c\u043f\u043b\u0435\u043a\u0442 \u043d\u0435 \u0432\u0445\u043e\u0434\u044f\u0442 \u0438 \u043c\u043e\u0433\u0443\u0442 \u0431\u044b\u0442\u044c \u043f\u0440\u0438\u043e\u0431\u0440\u0435\u0442\u0435\u043d\u044b \u043e\u0442\u0434\u0435\u043b\u044c\u043d\u043e \u0438\u043b\u0438 \u0412\u044b \u043c\u043e\u0436\u0435\u0442\u0435 \u0438\u0441\u043f\u043e\u043b\u044c\u0437\u043e\u0432\u0430\u0442\u044c \u0441\u0432\u043e\u0438 \u0441\u043e\u0431\u0441\u0442\u0432\u0435\u043d\u043d\u044b\u0435 \u0448\u0430\u043c\u043f\u0443\u0440\u044b.<\/p>\n<\/div><\/div>\n<div class=\"elementor-toggle-item\">\n<div id=\"elementor-tab-title-1516\" class=\"elementor-tab-title\" tabindex=\"1516\" data-tab=\"6\" role=\"tab\" aria-controls=\"elementor-tab-content-1516\">\n\t\t\t\t\t\t\t\t\t\t\t\t<span class=\"elementor-toggle-icon elementor-toggle-icon-right\" aria-hidden=\"true\"><br \/>\n\t\t\t\t\t\t\t<i class=\"elementor-toggle-icon-closed fa fa-caret-right\"><\/i><br \/>\n\t\t\t\t\t\t\t<i class=\"elementor-toggle-icon-opened fa fa-caret-up\"><\/i><br \/>\n\t\t\t\t\t\t<\/span><br \/>\n\t\t\t\t\t\t\t\t\t\t\t\t\u0421\u043a\u043e\u043b\u044c\u043a\u043e \u0434\u043d\u0435\u0439 \u0443\u0445\u043e\u0434\u0438\u0442 \u043d\u0430 \u043e\u0442\u043f\u0440\u0430\u0432\u043a\u0443 \u0437\u0430\u043a\u0430\u0437\u0430?\t\t\t\t\t<\/div>\n<div id=\"elementor-tab-content-1516\" class=\"elementor-tab-content elementor-clearfix\" data-tab=\"6\" role=\"tabpanel\" aria-labelledby=\"elementor-tab-title-1516\">\n<p><span class=\"x4k7w5x x1h91t0o x1h9r5lt x1jfb8zj xv2umb2 x1beo9mf xaigb6o x12ejxvf x3igimt xarpa2k xedcshv x1lytzrv x1t2pt76 x7ja8zs x1qrby5j\">\u041a\u0430\u0436\u0434\u044b\u0439 \u0437\u0430\u043a\u0430\u0437 \u0433\u043e\u0442\u043e\u0432\u0438\u0442\u0441\u044f \u0438 \u043e\u0442\u0433\u0440\u0443\u0436\u0430\u0435\u0442\u0441\u044f \u0432 \u0442\u0435\u0447\u0435\u043d\u0438\u0435 1-3 \u0434\u043d\u0435\u0439. \u0412\u044b \u043c\u043e\u0436\u0435\u0442\u0435 \u0432\u044b\u0431\u0440\u0430\u0442\u044c \u0441\u0430\u043c\u043e\u0432\u044b\u0432\u043e\u0437 \u0432 \u041a\u0430\u0443\u043d\u0430\u0441\u0435 \u0438\u043b\u0438 \u043e\u0442\u043f\u0440\u0430\u0432\u043a\u0443 \u043f\u043e\u0447\u0442\u043e\u0432\u044b\u043c\u0438 \u043c\u0430\u0448\u0438\u043d\u0430\u043c\u0438\/\u043a\u0443\u0440\u044c\u0435\u0440\u043e\u043c Omniva. <br \/><\/span><\/p>\n<\/div><\/div>\n<div class=\"elementor-toggle-item\">\n<div id=\"elementor-tab-title-1517\" class=\"elementor-tab-title\" tabindex=\"1517\" data-tab=\"7\" role=\"tab\" aria-controls=\"elementor-tab-content-1517\">\n\t\t\t\t\t\t\t\t\t\t\t\t<span class=\"elementor-toggle-icon elementor-toggle-icon-right\" aria-hidden=\"true\"><br \/>\n\t\t\t\t\t\t\t<i class=\"elementor-toggle-icon-closed fa fa-caret-right\"><\/i><br \/>\n\t\t\t\t\t\t\t<i class=\"elementor-toggle-icon-opened fa fa-caret-up\"><\/i><br \/>\n\t\t\t\t\t\t<\/span><br \/>\n\t\t\t\t\t\t\t\t\t\t\t\t\u0422\u043e\u043a\u0430\u0440\u043d\u044b\u0435 \u0441\u0438\u0441\u0442\u0435\u043c\u044b \u043f\u0440\u043e\u0438\u0437\u0432\u043e\u0434\u044f\u0442\u0441\u044f \u0432 \u041b\u0438\u0442\u0432\u0435?\t\t\t\t\t<\/div>\n<div id=\"elementor-tab-content-1517\" class=\"elementor-tab-content elementor-clearfix\" data-tab=\"7\" role=\"tabpanel\" aria-labelledby=\"elementor-tab-title-1517\">\n<p><span class=\"x4k7w5x x1h91t0o x1h9r5lt x1jfb8zj xv2umb2 x1beo9mf xaigb6o x12ejxvf x3igimt xarpa2k xedcshv x1lytzrv x1t2pt76 x7ja8zs x1qrby5j\">\u0414\u0430, \u0432\u0441\u0435 \u0441\u0438\u0441\u0442\u0435\u043c\u044b \u0442\u043e\u043a\u0430\u0440\u043d\u043e\u0439 \u043e\u0431\u0440\u0430\u0431\u043e\u0442\u043a\u0438 \u0440\u0435\u0437\u044c\u0431\u044b \u044f\u0432\u043b\u044f\u044e\u0442\u0441\u044f \u0438\u0437\u0434\u0435\u043b\u0438\u044f\u043c\u0438 \u0440\u0443\u0447\u043d\u043e\u0439 \u0440\u0430\u0431\u043e\u0442\u044b, \u043f\u0440\u043e\u0438\u0437\u0432\u0435\u0434\u0435\u043d\u043d\u044b\u043c\u0438 \u0432 \u041b\u0438\u0442\u0432\u0435. \u041c\u044b \u0443\u0434\u0435\u043b\u044f\u0435\u043c \u0431\u043e\u043b\u044c\u0448\u043e\u0435 \u0432\u043d\u0438\u043c\u0430\u043d\u0438\u0435 \u043a\u0430\u0436\u0434\u043e\u0439 \u0434\u0435\u0442\u0430\u043b\u0438 \u0438\u0437\u0434\u0435\u043b\u0438\u044f - \u0441\u043b\u0435\u0434\u0438\u043c \u0437\u0430 \u0442\u0435\u043c, \u0447\u0442\u043e\u0431\u044b \u0432\u0441\u0435 \u0438\u0441\u043f\u043e\u043b\u044c\u0437\u0443\u0435\u043c\u044b\u0435 \u0434\u0435\u0442\u0430\u043b\u0438 \u0431\u044b\u043b\u0438 \u0441\u0430\u043c\u043e\u0433\u043e \u0432\u044b\u0441\u043e\u043a\u043e\u0433\u043e \u043a\u0430\u0447\u0435\u0441\u0442\u0432\u0430, \u043e\u0431\u0440\u0430\u0431\u0430\u0442\u044b\u0432\u0430\u0435\u043c \u043c\u0435\u0442\u0430\u043b\u043b \u0441\u0432\u043e\u0438\u043c\u0438 \u0440\u0443\u043a\u0430\u043c\u0438 \u0438 \u0438\u0437\u0433\u043e\u0442\u0430\u0432\u043b\u0438\u0432\u0430\u0435\u043c \u0441\u0438\u0441\u0442\u0435\u043c\u0443 \u0434\u043b\u044f \u043f\u0435\u0440\u0435\u0432\u043e\u0440\u0430\u0447\u0438\u0432\u0430\u043d\u0438\u044f \u0448\u0430\u043c\u043f\u0443\u0440\u043e\u0432, \u043a\u043e\u0442\u043e\u0440\u0430\u044f \u0431\u0443\u0434\u0435\u0442 \u0440\u0430\u0434\u043e\u0432\u0430\u0442\u044c \u0432\u0430\u0441 \u043a\u0430\u0436\u0434\u044b\u0439 \u0434\u0435\u043d\u044c. \u0434\u0435\u043d\u044c \u0432\u044b\u043f\u0435\u0447\u043a\u0438.<\/span><\/p>\n<\/div><\/div>\n<\/p><\/div>\n<\/p><\/div>\n<\/p><\/div>\n<div class=\"elementor-element elementor-element-30c955a1 elementor-widget elementor-widget-spacer\" data-id=\"30c955a1\" data-element_type=\"widget\" data-widget_type=\"spacer.default\">\n<div class=\"elementor-widget-container\">\n<div class=\"elementor-spacer\">\n<div class=\"elementor-spacer-inner\"><\/div>\n<\/p><\/div>\n<\/p><\/div>\n<\/p><\/div>\n<\/p><\/div>\n<\/p><\/div>\n<\/p><\/div>\n<\/section><\/div>\n<\/div>\n\t\t\t\t<\/div>\n\t\t\t\t<\/div>\n\t\t\t\t\t<\/div>\n\t\t<\/div>\n\t\t\t\t\t\t\t<\/div>\n\t\t<\/section>\n\t\t\t\t\t\t\t<\/div>","protected":false},"excerpt":{"rendered":"","protected":false},"author":4,"featured_media":0,"parent":0,"menu_order":0,"comment_status":"closed","ping_status":"closed","template":"","meta":{"om_disable_all_campaigns":false,"inline_featured_image":false,"_monsterinsights_skip_tracking":false,"_monsterinsights_sitenote_active":false,"_monsterinsights_sitenote_note":"","_monsterinsights_sitenote_category":0,"footnotes":""},"class_list":["post-8602","page","type-page","status-publish","hentry"],"aioseo_notices":[],"_links":{"self":[{"href":"https:\/\/nevartyk.lt\/ru\/wp-json\/wp\/v2\/pages\/8602","targetHints":{"allow":["GET"]}}],"collection":[{"href":"https:\/\/nevartyk.lt\/ru\/wp-json\/wp\/v2\/pages"}],"about":[{"href":"https:\/\/nevartyk.lt\/ru\/wp-json\/wp\/v2\/types\/page"}],"author":[{"embeddable":true,"href":"https:\/\/nevartyk.lt\/ru\/wp-json\/wp\/v2\/users\/4"}],"replies":[{"embeddable":true,"href":"https:\/\/nevartyk.lt\/ru\/wp-json\/wp\/v2\/comments?post=8602"}],"version-history":[{"count":36,"href":"https:\/\/nevartyk.lt\/ru\/wp-json\/wp\/v2\/pages\/8602\/revisions"}],"predecessor-version":[{"id":8844,"href":"https:\/\/nevartyk.lt\/ru\/wp-json\/wp\/v2\/pages\/8602\/revisions\/8844"}],"wp:attachment":[{"href":"https:\/\/nevartyk.lt\/ru\/wp-json\/wp\/v2\/media?parent=8602"}],"curies":[{"name":"wp","href":"https:\/\/api.w.org\/{rel}","templated":true}]}}