{"id":10434,"date":"2025-02-10T18:08:31","date_gmt":"2025-02-10T18:08:31","guid":{"rendered":"https:\/\/nevartyk.lt\/?post_type=product&#038;p=10434"},"modified":"2025-02-10T18:22:04","modified_gmt":"2025-02-10T18:22:04","slug":"iesmo-fiksatorius","status":"publish","type":"product","link":"https:\/\/nevartyk.lt\/ru\/parduotuve\/iesmo-fiksatorius\/","title":{"rendered":"Ie\u0161mo fiksatorius"},"content":{"rendered":"","protected":false},"excerpt":{"rendered":"<p>Ie\u0161m\u0173 fiksatorius &#8211; u\u017etikrina, jog ie\u0161mas nejudet\u0173. Reikalingas kai \u0161a\u0161lykin\u0117 yra \u012fkaln\u0117je arba ant nelygaus pavir\u0161iaus. Ie\u0161m\u0173 fiksatoriai naudojimui n\u0117ra b\u016btini<\/p>","protected":false},"featured_media":10435,"comment_status":"closed","ping_status":"closed","template":"","meta":{"om_disable_all_campaigns":false,"inline_featured_image":false,"_monsterinsights_skip_tracking":false,"_monsterinsights_sitenote_active":false,"_monsterinsights_sitenote_note":"","_monsterinsights_sitenote_category":0},"product_cat":[78],"product_tag":[],"class_list":{"0":"post-10434","1":"product","2":"type-product","3":"status-publish","4":"has-post-thumbnail","6":"product_cat-kiti-produktai","8":"first","9":"instock","10":"taxable","11":"shipping-taxable","12":"purchasable","13":"product-type-simple"},"aioseo_notices":[],"_links":{"self":[{"href":"https:\/\/nevartyk.lt\/ru\/wp-json\/wp\/v2\/product\/10434","targetHints":{"allow":["GET"]}}],"collection":[{"href":"https:\/\/nevartyk.lt\/ru\/wp-json\/wp\/v2\/product"}],"about":[{"href":"https:\/\/nevartyk.lt\/ru\/wp-json\/wp\/v2\/types\/product"}],"replies":[{"embeddable":true,"href":"https:\/\/nevartyk.lt\/ru\/wp-json\/wp\/v2\/comments?post=10434"}],"version-history":[{"count":1,"href":"https:\/\/nevartyk.lt\/ru\/wp-json\/wp\/v2\/product\/10434\/revisions"}],"predecessor-version":[{"id":10436,"href":"https:\/\/nevartyk.lt\/ru\/wp-json\/wp\/v2\/product\/10434\/revisions\/10436"}],"wp:featuredmedia":[{"embeddable":true,"href":"https:\/\/nevartyk.lt\/ru\/wp-json\/wp\/v2\/media\/10435"}],"wp:attachment":[{"href":"https:\/\/nevartyk.lt\/ru\/wp-json\/wp\/v2\/media?parent=10434"}],"wp:term":[{"taxonomy":"product_cat","embeddable":true,"href":"https:\/\/nevartyk.lt\/ru\/wp-json\/wp\/v2\/product_cat?post=10434"},{"taxonomy":"product_tag","embeddable":true,"href":"https:\/\/nevartyk.lt\/ru\/wp-json\/wp\/v2\/product_tag?post=10434"}],"curies":[{"name":"wp","href":"https:\/\/api.w.org\/{rel}","templated":true}]}}