{"id":6208,"date":"2022-09-27T15:39:55","date_gmt":"2022-09-27T15:39:55","guid":{"rendered":"https:\/\/nevartyk.lt\/?post_type=product&#038;p=6208"},"modified":"2025-12-03T20:39:32","modified_gmt":"2025-12-03T20:39:32","slug":"nevartyk-4-iesmams","status":"publish","type":"product","link":"https:\/\/nevartyk.lt\/ru\/parduotuve\/nevartyk-4-iesmams\/","title":{"rendered":"Don't flip-4 \u0448\u0430\u043c\u043f\u0443\u0440\u0430"},"content":{"rendered":"<p>\u041a\u043b\u0430\u0441\u0441\u0438\u0447\u0435\u0441\u043a\u0438\u0439 \u0434\u0438\u0437\u0430\u0439\u043d, <strong>\u0432\u044b\u0441\u043e\u043a\u043e\u043a\u0430\u0447\u0435\u0441\u0442\u0432\u0435\u043d\u043d\u044b\u0435<\/strong> \u043c\u0430\u0442\u0435\u0440\u0438\u0430\u043b\u044b \u0438 \u043d\u0430\u0434\u0435\u0436\u043d\u043e\u0441\u0442\u044c \u043b\u0438\u0442\u043e\u0432\u0441\u043a\u0438\u0445 \u043f\u0440\u043e\u0438\u0437\u0432\u043e\u0434\u0438\u0442\u0435\u043b\u0435\u0439 - \u044d\u0442\u043e \u043b\u0443\u0447\u0448\u0438\u0435 \u0441\u043b\u043e\u0432\u0430 \u0434\u043b\u044f \u043e\u043f\u0438\u0441\u0430\u043d\u0438\u044f \u043f\u0440\u043e\u0434\u0443\u043a\u0446\u0438\u0438 ,,Don't flip\".<\/p>\n<p><strong> The four skewers<\/strong> vartymo sistema, puikiai tiks ma\u017eesn\u0117ms kompanijoms ar kelion\u0117ms. Sistema veikia nuo i\u0161orin\u0117s baterijos, kuri yra \u012ftraukta \u012f komplektacij\u0105 ir pakrauta veikia iki de\u0161imt valand\u0173 (taip, supratote teisingai, m\u016bs\u0173 produktus galite naudoti bet kur, net ir gamtoje!). D\u0117l reguliuojamo gaminio ilgio, ,,<strong>Don't flip<\/strong>\u2019\u2019 ie\u0161m\u0173 vartymo sistema prisitaikys prie bet kurios \u0161a\u0161lykin\u0117s, ir tiks bet kuriems ie\u0161mams . Nedvejokite, \u012fsigykite ir \u012fsitikinkite m\u016bs\u0173 k\u016brinio <strong>prakti\u0161kumu<\/strong> patys! \u0160is ,,Nevartyk &#8211; 4\u2019\u2019 modelis yra pritaikytas atviroms \u0161a\u0161lykin\u0117ms. Jei J\u016bs naudojate u\u017edar\u0105 \u0161a\u0161lykin\u0119 arba grili\u0173, maloniai pra\u0161ome rinktis ,,Nevartyk &#8211; 6\u2019\u2019 arba ,,Nevartyk &#8211; 8\u2019\u2019 modelius.<\/p>\n<p><strong> \u0412 \u043a\u043e\u043c\u043f\u043b\u0435\u043a\u0442\u0435:<\/strong> ie\u0161m\u0173 vartymo sistema;\u00a0 i\u0161orin\u0117 baterija; i\u0161orin\u0117s baterijos pakrovimo laidai.<\/p>","protected":false},"excerpt":{"rendered":"<p>Kompakti\u0161ka, klasikinio dizaino, ner\u016bdijan\u010dio plieno, <strong>keturi\u0173<\/strong> <strong>ie\u0161m\u0173<\/strong> vartymo sistema.\u00a0 <strong>Puikus<\/strong> pasirinkimas ma\u017eai kompanijai, vienai \u0161eimai ar kelioni\u0173 entuziastams.<\/p>\n<p><strong>Pakraunama baterija jau yra komplektacijoje!\u00a0<\/strong><\/p>\n<ul>\n<li class=\"p1\">\u0420\u0435\u0433\u0443\u043b\u0438\u0440\u0443\u0435\u043c\u0430\u044f \u0434\u043b\u0438\u043d\u0430<\/li>\n<li class=\"p1\">\u0420\u0435\u0433\u0443\u043b\u0438\u0440\u0443\u0435\u043c\u0430\u044f \u0441\u043a\u043e\u0440\u043e\u0441\u0442\u044c \u0432\u0440\u0430\u0449\u0435\u043d\u0438\u044f<\/li>\n<li class=\"p1\">\u0420\u0430\u0431\u043e\u0442\u0430\u0435\u0442 \u043e\u0442 \u043f\u0435\u0440\u0435\u0437\u0430\u0440\u044f\u0436\u0430\u0435\u043c\u043e\u0433\u043e \u0432\u043d\u0435\u0448\u043d\u0435\u0433\u043e \u0430\u043a\u043a\u0443\u043c\u0443\u043b\u044f\u0442\u043e\u0440\u0430<\/li>\n<\/ul>","protected":false},"featured_media":6209,"comment_status":"closed","ping_status":"closed","template":"","meta":{"om_disable_all_campaigns":false,"inline_featured_image":false,"_monsterinsights_skip_tracking":false,"_monsterinsights_sitenote_active":false,"_monsterinsights_sitenote_note":"","_monsterinsights_sitenote_category":0},"product_cat":[76],"product_tag":[],"class_list":{"0":"post-6208","1":"product","2":"type-product","3":"status-publish","4":"has-post-thumbnail","6":"product_cat-saslykinems","8":"first","9":"instock","10":"taxable","11":"shipping-taxable","12":"purchasable","13":"product-type-simple"},"aioseo_notices":[],"_links":{"self":[{"href":"https:\/\/nevartyk.lt\/ru\/wp-json\/wp\/v2\/product\/6208","targetHints":{"allow":["GET"]}}],"collection":[{"href":"https:\/\/nevartyk.lt\/ru\/wp-json\/wp\/v2\/product"}],"about":[{"href":"https:\/\/nevartyk.lt\/ru\/wp-json\/wp\/v2\/types\/product"}],"replies":[{"embeddable":true,"href":"https:\/\/nevartyk.lt\/ru\/wp-json\/wp\/v2\/comments?post=6208"}],"version-history":[{"count":5,"href":"https:\/\/nevartyk.lt\/ru\/wp-json\/wp\/v2\/product\/6208\/revisions"}],"predecessor-version":[{"id":10380,"href":"https:\/\/nevartyk.lt\/ru\/wp-json\/wp\/v2\/product\/6208\/revisions\/10380"}],"wp:featuredmedia":[{"embeddable":true,"href":"https:\/\/nevartyk.lt\/ru\/wp-json\/wp\/v2\/media\/6209"}],"wp:attachment":[{"href":"https:\/\/nevartyk.lt\/ru\/wp-json\/wp\/v2\/media?parent=6208"}],"wp:term":[{"taxonomy":"product_cat","embeddable":true,"href":"https:\/\/nevartyk.lt\/ru\/wp-json\/wp\/v2\/product_cat?post=6208"},{"taxonomy":"product_tag","embeddable":true,"href":"https:\/\/nevartyk.lt\/ru\/wp-json\/wp\/v2\/product_tag?post=6208"}],"curies":[{"name":"wp","href":"https:\/\/api.w.org\/{rel}","templated":true}]}}