{"id":6217,"date":"2022-09-27T15:42:10","date_gmt":"2022-09-27T15:42:10","guid":{"rendered":"https:\/\/nevartyk.lt\/?post_type=product&#038;p=6217"},"modified":"2025-12-03T20:39:28","modified_gmt":"2025-12-03T20:39:28","slug":"nevartyk-7-iesmams","status":"publish","type":"product","link":"https:\/\/nevartyk.lt\/ru\/parduotuve\/nevartyk-7-iesmams\/","title":{"rendered":"Don't flip-7 \u0448\u0430\u043c\u043f\u0443\u0440\u0430"},"content":{"rendered":"<div data-elementor-type=\"wp-post\" data-elementor-id=\"6217\" class=\"elementor elementor-6217\">\n\t\t\t\t\t\t\t\t\t<section class=\"elementor-section elementor-top-section elementor-element elementor-element-7321aceb elementor-section-boxed elementor-section-height-default elementor-section-height-default\" data-id=\"7321aceb\" data-element_type=\"section\">\n\t\t\t\t\t\t<div class=\"elementor-container elementor-column-gap-default\">\n\t\t\t\t\t<div class=\"elementor-column elementor-col-100 elementor-top-column elementor-element elementor-element-530ab734\" data-id=\"530ab734\" data-element_type=\"column\">\n\t\t\t<div class=\"elementor-widget-wrap elementor-element-populated\">\n\t\t\t\t\t\t\t\t<div class=\"elementor-element elementor-element-60cec388 elementor-widget elementor-widget-text-editor\" data-id=\"60cec388\" data-element_type=\"widget\" data-widget_type=\"text-editor.default\">\n\t\t\t\t<div class=\"elementor-widget-container\">\n\t\t\t<style>\/*! elementor - v3.7.7 - 20-09-2022 *\/\n.elementor-widget-text-editor.elementor-drop-cap-view-stacked .elementor-drop-cap{background-color:#818a91;color:#fff}.elementor-widget-text-editor.elementor-drop-cap-view-framed .elementor-drop-cap{color:#818a91;border:3px solid;background-color:transparent}.elementor-widget-text-editor:not(.elementor-drop-cap-view-default) .elementor-drop-cap{margin-top:8px}.elementor-widget-text-editor:not(.elementor-drop-cap-view-default) .elementor-drop-cap-letter{width:1em;height:1em}.elementor-widget-text-editor .elementor-drop-cap{float:left;text-align:center;line-height:1;font-size:50px}.elementor-widget-text-editor .elementor-drop-cap-letter{display:inline-block}<\/style>        <div class=\"elementor-text-editor elementor-clearfix\"><p>\u041a\u043b\u0430\u0441\u0441\u0438\u0447\u0435\u0441\u043a\u0438\u0439 \u0434\u0438\u0437\u0430\u0439\u043d, <strong>\u0432\u044b\u0441\u043e\u043a\u043e\u043a\u0430\u0447\u0435\u0441\u0442\u0432\u0435\u043d\u043d\u044b\u0435<\/strong> \u043c\u0430\u0442\u0435\u0440\u0438\u0430\u043b\u044b \u0438 \u043d\u0430\u0434\u0435\u0436\u043d\u043e\u0441\u0442\u044c \u043b\u0438\u0442\u043e\u0432\u0441\u043a\u0438\u0445 \u043f\u0440\u043e\u0438\u0437\u0432\u043e\u0434\u0438\u0442\u0435\u043b\u0435\u0439 - \u044d\u0442\u043e \u043b\u0443\u0447\u0448\u0438\u0435 \u0441\u043b\u043e\u0432\u0430 \u0434\u043b\u044f \u043e\u043f\u0438\u0441\u0430\u043d\u0438\u044f \u043f\u0440\u043e\u0434\u0443\u043a\u0446\u0438\u0438 ,,Don't flip\".<\/p><p><strong> \u0421\u0438\u0441\u0442\u0435\u043c\u0430 \u043f\u0435\u0440\u0435\u0432\u043e\u0440\u0430\u0447\u0438\u0432\u0430\u043d\u0438\u044f \u0441\u0435\u043c\u0438 \u0448\u0430\u043c\u043f\u0443\u0440\u043e\u0432 - \u043b\u044e\u0431\u0438\u043c\u044b\u0439 \u0432\u044b\u0431\u043e\u0440 \u043d\u0430\u0448\u0438\u0445 \u043a\u043b\u0438\u0435\u043d\u0442\u043e\u0432. \u0421\u0438\u0441\u0442\u0435\u043c\u0430 \u0440\u0430\u0431\u043e\u0442\u0430\u0435\u0442 \u043e\u0442 \u043f\u0435\u0440\u0435\u0437\u0430\u0440\u044f\u0436\u0430\u0435\u043c\u043e\u0433\u043e \u0432\u043d\u0435\u0448\u043d\u0435\u0433\u043e \u0430\u043a\u043a\u0443\u043c\u0443\u043b\u044f\u0442\u043e\u0440\u0430, \u043a\u043e\u0442\u043e\u0440\u044b\u0439 \u0432\u0445\u043e\u0434\u0438\u0442 \u0432 \u043a\u043e\u043c\u043f\u043b\u0435\u043a\u0442, \u0438 \u0440\u0430\u0431\u043e\u0442\u0430\u0435\u0442 \u0434\u043e \u0434\u0435\u0441\u044f\u0442\u0438 \u0447\u0430\u0441\u043e\u0432 \u043f\u043e\u0441\u043b\u0435 \u0437\u0430\u0440\u044f\u0434\u043a\u0438 (\u0434\u0430, \u0412\u044b \u043f\u0440\u0430\u0432\u0438\u043b\u044c\u043d\u043e \u043f\u043e\u043d\u044f\u043b\u0438, \u0412\u044b \u043c\u043e\u0436\u0435\u0442\u0435 \u0438\u0441\u043f\u043e\u043b\u044c\u0437\u043e\u0432\u0430\u0442\u044c \u043d\u0430\u0448\u0443 \u043f\u0440\u043e\u0434\u0443\u043a\u0446\u0438\u044e \u0433\u0434\u0435 \u0443\u0433\u043e\u0434\u043d\u043e, \u0434\u0430\u0436\u0435 \u043d\u0430 \u043f\u0440\u0438\u0440\u043e\u0434\u0435!) \u0411\u043b\u0430\u0433\u043e\u0434\u0430\u0440\u044f \u0440\u0435\u0433\u0443\u043b\u0438\u0440\u0443\u0435\u043c\u043e\u0439 \u0434\u043b\u0438\u043d\u0435 \u0438\u0437\u0434\u0435\u043b\u0438\u044f, \u0441\u0438\u0441\u0442\u0435\u043c\u0430 \u043f\u0435\u0440\u0435\u0432\u043e\u0440\u0430\u0447\u0438\u0432\u0430\u043d\u0438\u044f \u0448\u0430\u043c\u043f\u0443\u0440\u043e\u0432 \"Don't flip\" \u043f\u043e\u0434\u043e\u0439\u0434\u0435\u0442 \u0434\u043b\u044f \u043b\u044e\u0431\u043e\u0433\u043e \u043c\u0430\u043d\u0433\u0430\u043b\u0430, \u0430 \u043f\u0440\u0435\u0434\u0443\u0441\u043c\u043e\u0442\u0440\u0435\u043d\u043d\u044b\u0435 \u0444\u0438\u043a\u0441\u0430\u0442\u043e\u0440\u044b \u0448\u0430\u043c\u043f\u0443\u0440\u043e\u0432 \u043f\u043e\u0437\u0432\u043e\u043b\u044f\u044e\u0442 \u0438\u0441\u043f\u043e\u043b\u044c\u0437\u043e\u0432\u0430\u0442\u044c \u0448\u0430\u043c\u043f\u0443\u0440\u044b \u0440\u0430\u0437\u043d\u043e\u0439 \u0448\u0438\u0440\u0438\u043d\u044b. \u041d\u0435 \u0440\u0430\u0437\u0434\u0443\u043c\u044b\u0432\u0430\u0439\u0442\u0435, \u043a\u0443\u043f\u0438\u0442\u0435 \u0435\u0433\u043e \u0438 \u0443\u0431\u0435\u0434\u0438\u0442\u0435\u0441\u044c \u0441\u0430\u043c\u0438 \u0432 \u0444\u0443\u043d\u043a\u0446\u0438\u043e\u043d\u0430\u043b\u044c\u043d\u043e\u0441\u0442\u0438 \u043d\u0430\u0448\u0435\u0433\u043e \u0438\u0437\u0434\u0435\u043b\u0438\u044f! \u0414\u0430\u043d\u043d\u0430\u044f \u043c\u043e\u0434\u0435\u043b\u044c, \"Don't flip - 7\", \u043f\u043e\u0434\u0445\u043e\u0434\u0438\u0442 \u0434\u043b\u044f \u043e\u0442\u043a\u0440\u044b\u0442\u044b\u0445 \u043c\u0430\u043d\u0433\u0430\u043b\u043e\u0432, \u0435\u0441\u043b\u0438 \u0412\u044b \u0438\u0441\u043f\u043e\u043b\u044c\u0437\u0443\u0435\u0442\u0435 \u0437\u0430\u043a\u0440\u044b\u0442\u044b\u0439 \u043c\u0430\u043d\u0433\u0430\u043b, \u043f\u043e\u0436\u0430\u043b\u0443\u0439\u0441\u0442\u0430, \u0432\u044b\u0431\u0435\u0440\u0438\u0442\u0435 \u043c\u043e\u0434\u0435\u043b\u044c \"Don't flip - 6\" \u0438\u043b\u0438 \"Don't flip - 8\".<\/strong> vartymo sistema &#8211; m\u0117gstamiausias m\u016bs\u0173 pirk\u0117j\u0173 pasirinkimas. Sistema veikia nuo kraunamos i\u0161orin\u0117s baterijos, kuri yra \u012ftraukta \u012f komplektacij\u0105 ir pakrauta veikia iki de\u0161imties valand\u0173 (taip, supratote teisingai, m\u016bs\u0173 produktus galite naudoti bet kur, net ir gamtoje!). D\u0117l <strong>reguliuojamo<\/strong> gaminio ilgio, ,,<strong>Don't flip<\/strong>\u2019\u2019ie\u0161m\u0173 vartymo sistema prisitaikys prie bet kurios \u0161a\u0161lykin\u0117s, ir tiks bet kuriems ie\u0161mams. Nedvejokite, \u012fsigykite ir \u012fsitikinkite m\u016bs\u0173 k\u016brinio prakti\u0161kumu patys! \u0160is ,,Nevartyk &#8211; 7\u2019\u2019 modelis yra pritaikytas atviroms \u0161a\u0161lykin\u0117ms. Jei J\u016bs naudojate u\u017edar\u0105 \u0161a\u0161lykin\u0119 arba grili\u0173, maloniai pra\u0161ome rinktis ,,Nevartyk &#8211; 6\u2019\u2019 arba ,,Nevartyk &#8211; 8\u2019\u2019 modelius.<\/p><p><strong>\u0412 \u043a\u043e\u043c\u043f\u043b\u0435\u043a\u0442\u0435:<\/strong> ie\u0161m\u0173 vartymo sistema;\u00a0 i\u0161orin\u0117 baterija; i\u0161orin\u0117s baterijos pakrovimo laidai.<\/p><\/div>\n        \t\t<\/div>\n\t\t\t\t<\/div>\n\t\t\t\t\t<\/div>\n\t\t<\/div>\n\t\t\t\t\t\t\t<\/div>\n\t\t<\/section>\n\t\t\t\t\t\t\t<\/div>","protected":false},"excerpt":{"rendered":"<p class=\" translation-block\">\u041a\u043b\u0430\u0441\u0441\u0438\u0447\u0435\u0441\u043a\u0438\u0439 \u0434\u0438\u0437\u0430\u0439\u043d, \u043d\u0435\u0440\u0436\u0430\u0432\u0435\u044e\u0449\u0430\u044f \u0441\u0442\u0430\u043b\u044c, \u0441\u0438\u0441\u0442\u0435\u043c\u0430 \u043f\u0435\u0440\u0435\u0432\u043e\u0440\u0430\u0447\u0438\u0432\u0430\u043d\u0438\u044f \u0441\u0435\u043c\u0438 \u0448\u0430\u043c\u043f\u0443\u0440\u043e\u0432. \"Don't flip - 7\" - \u044d\u0442\u043e \u0441\u0430\u043c\u044b\u0439 \u0447\u0430\u0441\u0442\u044b\u0439 \u0432\u044b\u0431\u043e\u0440 \u043d\u0430\u0448\u0438\u0445 \u043a\u043b\u0438\u0435\u043d\u0442\u043e\u0432 \u0438 \u0435\u0449\u0435 \u043d\u0438\u043a\u043e\u0433\u0434\u0430 \u043d\u0438\u043a\u043e\u0433\u043e \u043d\u0435 \u0440\u0430\u0437\u043e\u0447\u0430\u0440\u043e\u0432\u044b\u0432\u0430\u043b!<\/p>\n<p><strong>Pakraunama baterija jau yra komplektacijoje!\u00a0<\/strong><\/p>\n<ul>\n<li class=\"p1\">\u0420\u0435\u0433\u0443\u043b\u0438\u0440\u0443\u0435\u043c\u0430\u044f \u0434\u043b\u0438\u043d\u0430<\/li>\n<li class=\"p1\">\u0420\u0435\u0433\u0443\u043b\u0438\u0440\u0443\u0435\u043c\u0430\u044f \u0441\u043a\u043e\u0440\u043e\u0441\u0442\u044c \u0432\u0440\u0430\u0449\u0435\u043d\u0438\u044f<\/li>\n<li class=\"p1\">\u0420\u0430\u0431\u043e\u0442\u0430\u0435\u0442 \u043e\u0442 \u043f\u0435\u0440\u0435\u0437\u0430\u0440\u044f\u0436\u0430\u0435\u043c\u043e\u0433\u043e \u0432\u043d\u0435\u0448\u043d\u0435\u0433\u043e \u0430\u043a\u043a\u0443\u043c\u0443\u043b\u044f\u0442\u043e\u0440\u0430<\/li>\n<\/ul>","protected":false},"featured_media":9179,"comment_status":"closed","ping_status":"closed","template":"","meta":{"om_disable_all_campaigns":false,"inline_featured_image":false,"_monsterinsights_skip_tracking":false,"_monsterinsights_sitenote_active":false,"_monsterinsights_sitenote_note":"","_monsterinsights_sitenote_category":0},"product_cat":[76],"product_tag":[],"class_list":{"0":"post-6217","1":"product","2":"type-product","3":"status-publish","4":"has-post-thumbnail","6":"product_cat-saslykinems","8":"first","9":"instock","10":"taxable","11":"shipping-taxable","12":"purchasable","13":"product-type-simple"},"aioseo_notices":[],"_links":{"self":[{"href":"https:\/\/nevartyk.lt\/ru\/wp-json\/wp\/v2\/product\/6217","targetHints":{"allow":["GET"]}}],"collection":[{"href":"https:\/\/nevartyk.lt\/ru\/wp-json\/wp\/v2\/product"}],"about":[{"href":"https:\/\/nevartyk.lt\/ru\/wp-json\/wp\/v2\/types\/product"}],"replies":[{"embeddable":true,"href":"https:\/\/nevartyk.lt\/ru\/wp-json\/wp\/v2\/comments?post=6217"}],"version-history":[{"count":12,"href":"https:\/\/nevartyk.lt\/ru\/wp-json\/wp\/v2\/product\/6217\/revisions"}],"predecessor-version":[{"id":10425,"href":"https:\/\/nevartyk.lt\/ru\/wp-json\/wp\/v2\/product\/6217\/revisions\/10425"}],"wp:featuredmedia":[{"embeddable":true,"href":"https:\/\/nevartyk.lt\/ru\/wp-json\/wp\/v2\/media\/9179"}],"wp:attachment":[{"href":"https:\/\/nevartyk.lt\/ru\/wp-json\/wp\/v2\/media?parent=6217"}],"wp:term":[{"taxonomy":"product_cat","embeddable":true,"href":"https:\/\/nevartyk.lt\/ru\/wp-json\/wp\/v2\/product_cat?post=6217"},{"taxonomy":"product_tag","embeddable":true,"href":"https:\/\/nevartyk.lt\/ru\/wp-json\/wp\/v2\/product_tag?post=6217"}],"curies":[{"name":"wp","href":"https:\/\/api.w.org\/{rel}","templated":true}]}}