{"id":6223,"date":"2022-09-27T15:44:19","date_gmt":"2022-09-27T15:44:19","guid":{"rendered":"https:\/\/nevartyk.lt\/?post_type=product&#038;p=6223"},"modified":"2025-12-03T20:39:20","modified_gmt":"2025-12-03T20:39:20","slug":"nevartyk-8-iesmams","status":"publish","type":"product","link":"https:\/\/nevartyk.lt\/ru\/parduotuve\/nevartyk-8-iesmams\/","title":{"rendered":"Don't flip-8 \u0448\u0430\u043c\u043f\u0443\u0440\u0430"},"content":{"rendered":"<div data-elementor-type=\"wp-post\" data-elementor-id=\"6223\" class=\"elementor elementor-6223\">\n\t\t\t\t\t\t\t\t\t<section class=\"elementor-section elementor-top-section elementor-element elementor-element-3b096444 elementor-section-boxed elementor-section-height-default elementor-section-height-default\" data-id=\"3b096444\" data-element_type=\"section\">\n\t\t\t\t\t\t<div class=\"elementor-container elementor-column-gap-default\">\n\t\t\t\t\t<div class=\"elementor-column elementor-col-100 elementor-top-column elementor-element elementor-element-6a572787\" data-id=\"6a572787\" data-element_type=\"column\">\n\t\t\t<div class=\"elementor-widget-wrap elementor-element-populated\">\n\t\t\t\t\t\t\t\t<div class=\"elementor-element elementor-element-2abe9f2 elementor-widget elementor-widget-shortcode\" data-id=\"2abe9f2\" data-element_type=\"widget\" data-widget_type=\"shortcode.default\">\n\t\t\t\t<div class=\"elementor-widget-container\">\n\t\t\t\t\t<div class=\"elementor-shortcode\">[jgm-preview-badge]<\/div>\n\t\t\t\t<\/div>\n\t\t\t\t<\/div>\n\t\t\t\t<div class=\"elementor-element elementor-element-1911841d elementor-widget elementor-widget-text-editor\" data-id=\"1911841d\" data-element_type=\"widget\" data-widget_type=\"text-editor.default\">\n\t\t\t\t<div class=\"elementor-widget-container\">\n\t\t\t<style>\/*! elementor - v3.7.7 - 20-09-2022 *\/\n.elementor-widget-text-editor.elementor-drop-cap-view-stacked .elementor-drop-cap{background-color:#818a91;color:#fff}.elementor-widget-text-editor.elementor-drop-cap-view-framed .elementor-drop-cap{color:#818a91;border:3px solid;background-color:transparent}.elementor-widget-text-editor:not(.elementor-drop-cap-view-default) .elementor-drop-cap{margin-top:8px}.elementor-widget-text-editor:not(.elementor-drop-cap-view-default) .elementor-drop-cap-letter{width:1em;height:1em}.elementor-widget-text-editor .elementor-drop-cap{float:left;text-align:center;line-height:1;font-size:50px}.elementor-widget-text-editor .elementor-drop-cap-letter{display:inline-block}<\/style>        <div class=\"elementor-text-editor elementor-clearfix\"><p>\u041a\u043b\u0430\u0441\u0441\u0438\u0447\u0435\u0441\u043a\u0438\u0439 \u0434\u0438\u0437\u0430\u0439\u043d, <strong>\u0432\u044b\u0441\u043e\u043a\u043e\u043a\u0430\u0447\u0435\u0441\u0442\u0432\u0435\u043d\u043d\u044b\u0435<\/strong> \u043c\u0430\u0442\u0435\u0440\u0438\u0430\u043b\u044b \u0438 \u043d\u0430\u0434\u0435\u0436\u043d\u043e\u0441\u0442\u044c \u043b\u0438\u0442\u043e\u0432\u0441\u043a\u0438\u0445 \u043f\u0440\u043e\u0438\u0437\u0432\u043e\u0434\u0438\u0442\u0435\u043b\u0435\u0439 - \u044d\u0442\u043e \u043b\u0443\u0447\u0448\u0438\u0435 \u0441\u043b\u043e\u0432\u0430 \u0434\u043b\u044f \u043e\u043f\u0438\u0441\u0430\u043d\u0438\u044f \u043f\u0440\u043e\u0434\u0443\u043a\u0446\u0438\u0438 ,,Don't flip\".<\/p><p><strong> A\u0161tuoni\u0173 ie\u0161m\u0173<\/strong> vartymo sistema &#8211; prakti\u0161kas pasirinkimas didel\u0117ms \u0161eimoms, draug\u0173 kompanijoms bei restoranams. Sistema veikia nuo i\u0161orin\u0117s baterijos, kuri yra \u012ftraukta \u012f komplektacij\u0105 ir pakrauta veikia iki de\u0161imties valand\u0173 (taip, supratote teisingai, m\u016bs\u0173 produktus galite naudoti bet kur, net ir gamtoje!). D\u0117l reguliuojamo gaminio ilgio, ,,Nevartyk\u2019\u2019 ie\u0161m\u0173 vartymo sistema prisitaikys prie bet kurios \u0161a\u0161lykin\u0117s, o suteikiami ie\u0161m\u0173 fiksatoriai leid\u017eia naudoti \u012fvairaus storio ie\u0161mus. Nedvejokite, \u012fsigykite ir \u012fsitikinkite m\u016bs\u0173 k\u016brinio prakti\u0161kumu patys! \u0160is ,,<strong>Nevartyk &#8211; 8<\/strong>\u2019\u2019 modelis, tinka u\u017edaroms \u0161a\u0161lykin\u0117ms\/griliams, gali b\u016bti naudojamas ir su \u012fprastomis \u0161a\u0161lykin\u0117mis.<\/p><p><strong> \u0412 \u043a\u043e\u043c\u043f\u043b\u0435\u043a\u0442\u0435<\/strong>\u0441\u0438\u0441\u0442\u0435\u043c\u0430 \u043f\u0435\u0440\u0435\u0432\u043e\u0440\u0430\u0447\u0438\u0432\u0430\u043d\u0438\u044f \u0448\u0430\u043c\u043f\u0443\u0440\u043e\u0432; \u0444\u0438\u043a\u0441\u0430\u0442\u043e\u0440\u044b \u0448\u0430\u043c\u043f\u0443\u0440\u043e\u0432; \u0432\u043d\u0435\u0448\u043d\u0438\u0439 \u0430\u043a\u043a\u0443\u043c\u0443\u043b\u044f\u0442\u043e\u0440; \u043a\u0430\u0431\u0435\u043b\u0438 \u0434\u043b\u044f \u0437\u0430\u0440\u044f\u0434\u043a\u0438 \u0432\u043d\u0435\u0448\u043d\u0435\u0433\u043e \u0430\u043a\u043a\u0443\u043c\u0443\u043b\u044f\u0442\u043e\u0440\u0430.<\/p><\/div>\n        \t\t<\/div>\n\t\t\t\t<\/div>\n\t\t\t\t\t<\/div>\n\t\t<\/div>\n\t\t\t\t\t\t\t<\/div>\n\t\t<\/section>\n\t\t\t\t\t\t\t<\/div>","protected":false},"excerpt":{"rendered":"<p class=\" translation-block\">\u041f\u0440\u0430\u043a\u0442\u0438\u0447\u043d\u0430\u044f \u0441\u0438\u0441\u0442\u0435\u043c\u0430 \u043f\u0435\u0440\u0435\u0432\u043e\u0440\u0430\u0447\u0438\u0432\u0430\u043d\u0438\u044f \u0438\u0437 \u043d\u0435\u0440\u0436\u0430\u0432\u0435\u044e\u0449\u0435\u0439 \u0441\u0442\u0430\u043b\u0438 \u043d\u0430 <strong>8 \u0448\u0430\u043c\u043f\u0443\u0440\u043e\u0432<\/strong>. \u041e\u0442\u043b\u0438\u0447\u043d\u044b\u0439 \u0432\u044b\u0431\u043e\u0440 \u0434\u043b\u044f \u0431\u043e\u043b\u044c\u0448\u0438\u0445 <strong>\u0441\u0435\u043c\u0435\u0439<\/strong>, \u0433\u0440\u0443\u043f\u043f \u0434\u0440\u0443\u0437\u0435\u0439, \u0440\u0435\u0441\u0442\u043e\u0440\u0430\u043d\u043e\u0432.<\/p>\n<p><strong>Pakraunama baterija jau yra komplektacijoje!\u00a0<\/strong><\/p>\n<ul>\n<li>Modelis kuris tinka tiek u\u017edarai tiek atvirai \u0161a\u0161lykinei<\/li>\n<li class=\"p1\">\u0420\u0435\u0433\u0443\u043b\u0438\u0440\u0443\u0435\u043c\u0430\u044f \u0434\u043b\u0438\u043d\u0430<\/li>\n<li class=\"p1\">\u0420\u0435\u0433\u0443\u043b\u0438\u0440\u0443\u0435\u043c\u0430\u044f \u0441\u043a\u043e\u0440\u043e\u0441\u0442\u044c \u0432\u0440\u0430\u0449\u0435\u043d\u0438\u044f<\/li>\n<li class=\"p1\">\u0420\u0430\u0431\u043e\u0442\u0430\u0435\u0442 \u043e\u0442 \u043f\u0435\u0440\u0435\u0437\u0430\u0440\u044f\u0436\u0430\u0435\u043c\u043e\u0433\u043e \u0432\u043d\u0435\u0448\u043d\u0435\u0433\u043e \u0430\u043a\u043a\u0443\u043c\u0443\u043b\u044f\u0442\u043e\u0440\u0430<\/li>\n<\/ul>","protected":false},"featured_media":6486,"comment_status":"closed","ping_status":"closed","template":"","meta":{"om_disable_all_campaigns":false,"inline_featured_image":false,"_monsterinsights_skip_tracking":false,"_monsterinsights_sitenote_active":false,"_monsterinsights_sitenote_note":"","_monsterinsights_sitenote_category":0},"product_cat":[77],"product_tag":[],"class_list":{"0":"post-6223","1":"product","2":"type-product","3":"status-publish","4":"has-post-thumbnail","6":"product_cat-uzdaroms-saslykinems","8":"first","9":"instock","10":"taxable","11":"shipping-taxable","12":"purchasable","13":"product-type-simple"},"aioseo_notices":[],"_links":{"self":[{"href":"https:\/\/nevartyk.lt\/ru\/wp-json\/wp\/v2\/product\/6223","targetHints":{"allow":["GET"]}}],"collection":[{"href":"https:\/\/nevartyk.lt\/ru\/wp-json\/wp\/v2\/product"}],"about":[{"href":"https:\/\/nevartyk.lt\/ru\/wp-json\/wp\/v2\/types\/product"}],"replies":[{"embeddable":true,"href":"https:\/\/nevartyk.lt\/ru\/wp-json\/wp\/v2\/comments?post=6223"}],"version-history":[{"count":5,"href":"https:\/\/nevartyk.lt\/ru\/wp-json\/wp\/v2\/product\/6223\/revisions"}],"predecessor-version":[{"id":9990,"href":"https:\/\/nevartyk.lt\/ru\/wp-json\/wp\/v2\/product\/6223\/revisions\/9990"}],"wp:featuredmedia":[{"embeddable":true,"href":"https:\/\/nevartyk.lt\/ru\/wp-json\/wp\/v2\/media\/6486"}],"wp:attachment":[{"href":"https:\/\/nevartyk.lt\/ru\/wp-json\/wp\/v2\/media?parent=6223"}],"wp:term":[{"taxonomy":"product_cat","embeddable":true,"href":"https:\/\/nevartyk.lt\/ru\/wp-json\/wp\/v2\/product_cat?post=6223"},{"taxonomy":"product_tag","embeddable":true,"href":"https:\/\/nevartyk.lt\/ru\/wp-json\/wp\/v2\/product_tag?post=6223"}],"curies":[{"name":"wp","href":"https:\/\/api.w.org\/{rel}","templated":true}]}}