{"id":6396,"date":"2022-10-04T13:10:56","date_gmt":"2022-10-04T13:10:56","guid":{"rendered":"https:\/\/nevartyk.lt\/?post_type=product&#038;p=6396"},"modified":"2025-12-03T20:39:03","modified_gmt":"2025-12-03T20:39:03","slug":"nevartyk-9-iesmams","status":"publish","type":"product","link":"https:\/\/nevartyk.lt\/ru\/parduotuve\/nevartyk-9-iesmams\/","title":{"rendered":"Don't flip-9 \u0448\u0430\u043c\u043f\u0443\u0440\u0430"},"content":{"rendered":"<div data-elementor-type=\"wp-post\" data-elementor-id=\"6396\" class=\"elementor elementor-6396\">\n\t\t\t\t\t\t\t\t\t<section class=\"elementor-section elementor-top-section elementor-element elementor-element-7572dc21 elementor-section-boxed elementor-section-height-default elementor-section-height-default\" data-id=\"7572dc21\" data-element_type=\"section\">\n\t\t\t\t\t\t<div class=\"elementor-container elementor-column-gap-default\">\n\t\t\t\t\t<div class=\"elementor-column elementor-col-100 elementor-top-column elementor-element elementor-element-6b1059a9\" data-id=\"6b1059a9\" data-element_type=\"column\">\n\t\t\t<div class=\"elementor-widget-wrap elementor-element-populated\">\n\t\t\t\t\t\t\t\t<div class=\"elementor-element elementor-element-750554bd elementor-widget elementor-widget-text-editor\" data-id=\"750554bd\" data-element_type=\"widget\" data-widget_type=\"text-editor.default\">\n\t\t\t\t<div class=\"elementor-widget-container\">\n\t\t\t<style>\/*! elementor - v3.7.7 - 20-09-2022 *\/\n.elementor-widget-text-editor.elementor-drop-cap-view-stacked .elementor-drop-cap{background-color:#818a91;color:#fff}.elementor-widget-text-editor.elementor-drop-cap-view-framed .elementor-drop-cap{color:#818a91;border:3px solid;background-color:transparent}.elementor-widget-text-editor:not(.elementor-drop-cap-view-default) .elementor-drop-cap{margin-top:8px}.elementor-widget-text-editor:not(.elementor-drop-cap-view-default) .elementor-drop-cap-letter{width:1em;height:1em}.elementor-widget-text-editor .elementor-drop-cap{float:left;text-align:center;line-height:1;font-size:50px}.elementor-widget-text-editor .elementor-drop-cap-letter{display:inline-block}<\/style>        <div class=\"elementor-text-editor elementor-clearfix\"><p>\u041a\u043b\u0430\u0441\u0441\u0438\u0447\u0435\u0441\u043a\u0438\u0439 \u0434\u0438\u0437\u0430\u0439\u043d, <strong>\u0432\u044b\u0441\u043e\u043a\u043e\u043a\u0430\u0447\u0435\u0441\u0442\u0432\u0435\u043d\u043d\u044b\u0435<\/strong> \u043c\u0430\u0442\u0435\u0440\u0438\u0430\u043b\u044b \u0438 \u043d\u0430\u0434\u0435\u0436\u043d\u043e\u0441\u0442\u044c \u043b\u0438\u0442\u043e\u0432\u0441\u043a\u0438\u0445 \u043f\u0440\u043e\u0438\u0437\u0432\u043e\u0434\u0438\u0442\u0435\u043b\u0435\u0439 - \u044d\u0442\u043e \u043b\u0443\u0447\u0448\u0438\u0435 \u0441\u043b\u043e\u0432\u0430 \u0434\u043b\u044f \u043e\u043f\u0438\u0441\u0430\u043d\u0438\u044f \u043f\u0440\u043e\u0434\u0443\u043a\u0446\u0438\u0438 ,,Don't flip\".<\/p><p><strong> Devyni\u0173 ie\u0161m\u0173<\/strong> vartymo sistema &#8211; prakti\u0161kas pasirinkimas didel\u0117ms \u0161eimoms, draug\u0173 kompanijoms bei restoranams. Sistema veikia nuo i\u0161orin\u0117s baterijos, kuri yra \u012ftraukta \u012f komplektacij\u0105 ir pakrauta veikia apytiksliai de\u0161imt valand\u0173 (taip, supratote teisingai, m\u016bs\u0173 produktus galite naudoti bet kur, net ir gamtoje!). D\u0117l reguliuojamo gaminio ilgio, ,,Nevartyk\u2019\u2019 ie\u0161m\u0173 vartymo sistema prisitaikys prie bet kurios \u0161a\u0161lykin\u0117s, ir tiks bet kuriems ie\u0161mams. Nedvejokite, \u012fsigykite ir \u012fsitikinkite m\u016bs\u0173 k\u016brinio prakti\u0161kumu patys! \u0160is ,,<strong>Don't flip<\/strong> &#8211; 9\u2019\u2019 modelis pritaikytas atviroms \u0161a\u0161lykin\u0117ms. Jei J\u016bs naudojate u\u017edar\u0105 \u0161a\u0161lykin\u0119 arba grili\u0173, maloniai pra\u0161ome rinktis ,,Nevartyk &#8211; 6\u2019\u2019 arba ,,Nevartyk &#8211; 8\u2019\u2019 modelius.<\/p><p><strong> \u0412 \u043a\u043e\u043c\u043f\u043b\u0435\u043a\u0442\u0435:<\/strong> ie\u0161m\u0173 vartymo sistema; i\u0161orin\u0117 baterija; i\u0161orin\u0117s baterijos pakrovimo laidai.<\/p><\/div>\n        \t\t<\/div>\n\t\t\t\t<\/div>\n\t\t\t\t\t<\/div>\n\t\t<\/div>\n\t\t\t\t\t\t\t<\/div>\n\t\t<\/section>\n\t\t\t\t\t\t\t<\/div>","protected":false},"excerpt":{"rendered":"<div class=\"x78zum5\" role=\"none\">\n<div class=\"x78zum5 x1iyjqo2 xs83m0k xeuugli\" role=\"none\">\n<div class=\"x1h91t0o xkh2ocl x78zum5 xdt5ytf x13a6bvl xcrg951 x1r145dm\" role=\"none\">\n<div class=\"x78zum5 xh8yej3\" role=\"none\">\n<div class=\"x1cy8zhl x78zum5 xdt5ytf x193iq5w x1n2onr6\">\n<div class=\"x78zum5 xh8yej3\" role=\"none\">\n<div class=\"x1tlxs6b x1g8br2z x1gn5b1j x230xth x14ctfv x1okitfd x6ikm8r x10wlt62 x1mzt3pk x1y1aw1k xn6708d xwib8y2 x1ye3gou x1n2onr6 x13faqbe x1vjfegm\" role=\"none\">\n<div class=\"x9f619 x1n2onr6 x1ja2u2z __fb-light-mode\" role=\"none\">\n<div class=\"x6prxxf x1fc57z9 x1yc453h x126k92a xzsf02u translation-block\" dir=\"auto\" role=\"none\">\u041a\u043b\u0430\u0441\u0441\u0438\u0447\u0435\u0441\u043a\u0438\u0439 \u0434\u0438\u0437\u0430\u0439\u043d, \u043d\u0435\u0440\u0436\u0430\u0432\u0435\u044e\u0449\u0430\u044f \u0441\u0442\u0430\u043b\u044c, \u0441\u0438\u0441\u0442\u0435\u043c\u0430 \u0438\u0437 \u0434\u0435\u0432\u044f\u0442\u0438 \u0448\u0430\u043c\u043f\u0443\u0440\u043e\u0432. \u041e\u0442\u043b\u0438\u0447\u043d\u044b\u0439 \u0432\u044b\u0431\u043e\u0440 \u0434\u043b\u044f \u0431\u043e\u043b\u044c\u0448\u0438\u0445 \u0441\u0435\u043c\u0435\u0439, \u0433\u043e\u043b\u043e\u0434\u043d\u044b\u0445 \u0434\u0440\u0443\u0437\u0435\u0439, \u0440\u0435\u0441\u0442\u043e\u0440\u0430\u043d\u043e\u0432.<\/div>\n<\/div>\n<\/div>\n<\/div>\n<\/div>\n<\/div>\n<\/div>\n<\/div>\n<\/div>\n<div dir=\"auto\" role=\"none\"><\/div>\n<div dir=\"auto\" role=\"none\"><\/div>\n<div dir=\"auto\" role=\"none\"><\/div>\n<div dir=\"auto\" role=\"none\"><strong>Pakraunama baterija jau yra komplektacijoje!\u00a0<\/strong><\/div>\n<div dir=\"auto\" role=\"none\"><\/div>\n<ul>\n<li class=\"p1\">\u0420\u0435\u0433\u0443\u043b\u0438\u0440\u0443\u0435\u043c\u0430\u044f \u0434\u043b\u0438\u043d\u0430<\/li>\n<li class=\"p1\">\u0420\u0435\u0433\u0443\u043b\u0438\u0440\u0443\u0435\u043c\u0430\u044f \u0441\u043a\u043e\u0440\u043e\u0441\u0442\u044c \u0432\u0440\u0430\u0449\u0435\u043d\u0438\u044f<\/li>\n<li>\u0420\u0430\u0431\u043e\u0442\u0430\u0435\u0442 \u043e\u0442 \u043f\u0435\u0440\u0435\u0437\u0430\u0440\u044f\u0436\u0430\u0435\u043c\u043e\u0433\u043e \u0432\u043d\u0435\u0448\u043d\u0435\u0433\u043e \u0430\u043a\u043a\u0443\u043c\u0443\u043b\u044f\u0442\u043e\u0440\u0430<\/li>\n<\/ul>","protected":false},"featured_media":6398,"comment_status":"closed","ping_status":"closed","template":"","meta":{"om_disable_all_campaigns":false,"inline_featured_image":false,"_monsterinsights_skip_tracking":false,"_monsterinsights_sitenote_active":false,"_monsterinsights_sitenote_note":"","_monsterinsights_sitenote_category":0},"product_cat":[76],"product_tag":[],"class_list":{"0":"post-6396","1":"product","2":"type-product","3":"status-publish","4":"has-post-thumbnail","6":"product_cat-saslykinems","8":"first","9":"instock","10":"taxable","11":"shipping-taxable","12":"purchasable","13":"product-type-simple"},"aioseo_notices":[],"_links":{"self":[{"href":"https:\/\/nevartyk.lt\/ru\/wp-json\/wp\/v2\/product\/6396","targetHints":{"allow":["GET"]}}],"collection":[{"href":"https:\/\/nevartyk.lt\/ru\/wp-json\/wp\/v2\/product"}],"about":[{"href":"https:\/\/nevartyk.lt\/ru\/wp-json\/wp\/v2\/types\/product"}],"replies":[{"embeddable":true,"href":"https:\/\/nevartyk.lt\/ru\/wp-json\/wp\/v2\/comments?post=6396"}],"version-history":[{"count":10,"href":"https:\/\/nevartyk.lt\/ru\/wp-json\/wp\/v2\/product\/6396\/revisions"}],"predecessor-version":[{"id":10427,"href":"https:\/\/nevartyk.lt\/ru\/wp-json\/wp\/v2\/product\/6396\/revisions\/10427"}],"wp:featuredmedia":[{"embeddable":true,"href":"https:\/\/nevartyk.lt\/ru\/wp-json\/wp\/v2\/media\/6398"}],"wp:attachment":[{"href":"https:\/\/nevartyk.lt\/ru\/wp-json\/wp\/v2\/media?parent=6396"}],"wp:term":[{"taxonomy":"product_cat","embeddable":true,"href":"https:\/\/nevartyk.lt\/ru\/wp-json\/wp\/v2\/product_cat?post=6396"},{"taxonomy":"product_tag","embeddable":true,"href":"https:\/\/nevartyk.lt\/ru\/wp-json\/wp\/v2\/product_tag?post=6396"}],"curies":[{"name":"wp","href":"https:\/\/api.w.org\/{rel}","templated":true}]}}