{"id":8439,"date":"2023-05-29T15:08:05","date_gmt":"2023-05-29T15:08:05","guid":{"rendered":"https:\/\/nevartyk.lt\/?post_type=product&#038;p=8439"},"modified":"2025-12-03T20:38:56","modified_gmt":"2025-12-03T20:38:56","slug":"nerudijancio-plieno-iesmai","status":"publish","type":"product","link":"https:\/\/nevartyk.lt\/ru\/parduotuve\/nerudijancio-plieno-iesmai\/","title":{"rendered":"Ner\u016bdijan\u010dio plieno ie\u0161mai"},"content":{"rendered":"","protected":false},"excerpt":{"rendered":"<ul>\n<li>Pagaminti i\u0161 kokybi\u0161ko ner\u016bdijan\u010dio plieno<\/li>\n<li>560 mm x 3 mm x 100 mm<\/li>\n<li>3mm storio, tad reik\u0117s smarkiai pasistengti, jog sulinkt\u0173.<\/li>\n<\/ul>","protected":false},"featured_media":8445,"comment_status":"closed","ping_status":"closed","template":"","meta":{"om_disable_all_campaigns":false,"inline_featured_image":false,"_monsterinsights_skip_tracking":false,"_monsterinsights_sitenote_active":false,"_monsterinsights_sitenote_note":"","_monsterinsights_sitenote_category":0},"product_cat":[78],"product_tag":[],"class_list":{"0":"post-8439","1":"product","2":"type-product","3":"status-publish","4":"has-post-thumbnail","6":"product_cat-kiti-produktai","8":"first","9":"instock","10":"taxable","11":"shipping-taxable","12":"purchasable","13":"product-type-simple"},"aioseo_notices":[],"_links":{"self":[{"href":"https:\/\/nevartyk.lt\/ru\/wp-json\/wp\/v2\/product\/8439","targetHints":{"allow":["GET"]}}],"collection":[{"href":"https:\/\/nevartyk.lt\/ru\/wp-json\/wp\/v2\/product"}],"about":[{"href":"https:\/\/nevartyk.lt\/ru\/wp-json\/wp\/v2\/types\/product"}],"replies":[{"embeddable":true,"href":"https:\/\/nevartyk.lt\/ru\/wp-json\/wp\/v2\/comments?post=8439"}],"version-history":[{"count":3,"href":"https:\/\/nevartyk.lt\/ru\/wp-json\/wp\/v2\/product\/8439\/revisions"}],"predecessor-version":[{"id":8888,"href":"https:\/\/nevartyk.lt\/ru\/wp-json\/wp\/v2\/product\/8439\/revisions\/8888"}],"wp:featuredmedia":[{"embeddable":true,"href":"https:\/\/nevartyk.lt\/ru\/wp-json\/wp\/v2\/media\/8445"}],"wp:attachment":[{"href":"https:\/\/nevartyk.lt\/ru\/wp-json\/wp\/v2\/media?parent=8439"}],"wp:term":[{"taxonomy":"product_cat","embeddable":true,"href":"https:\/\/nevartyk.lt\/ru\/wp-json\/wp\/v2\/product_cat?post=8439"},{"taxonomy":"product_tag","embeddable":true,"href":"https:\/\/nevartyk.lt\/ru\/wp-json\/wp\/v2\/product_tag?post=8439"}],"curies":[{"name":"wp","href":"https:\/\/api.w.org\/{rel}","templated":true}]}}