{"id":8449,"date":"2023-05-29T17:14:42","date_gmt":"2023-05-29T17:14:42","guid":{"rendered":"https:\/\/nevartyk.lt\/?post_type=product&#038;p=8449"},"modified":"2025-08-26T10:04:52","modified_gmt":"2025-08-26T10:04:52","slug":"nerudijancio-plieno-iesmai-7vnt","status":"publish","type":"product","link":"https:\/\/nevartyk.lt\/ru\/parduotuve\/nerudijancio-plieno-iesmai-7vnt\/","title":{"rendered":"\u0428\u0430\u043c\u043f\u0443\u0440\u044b \u0438\u0437 \u043d\u0435\u0440\u0436\u0430\u0432\u0435\u044e\u0449\u0435\u0439 \u0441\u0442\u0430\u043b\u0438"},"content":{"rendered":"","protected":false},"excerpt":{"rendered":"<ul>\n<li>Pagaminti i\u0161 kokybi\u0161ko ner\u016bdijan\u010dio plieno<\/li>\n<li>560 mm x 3 mm x 100 mm<\/li>\n<li>3mm storio, tad reiks smarkiai pasistengt, jog sulinktu.<\/li>\n<\/ul>","protected":false},"featured_media":8445,"comment_status":"closed","ping_status":"closed","template":"","meta":{"om_disable_all_campaigns":false,"inline_featured_image":false,"_monsterinsights_skip_tracking":false,"_monsterinsights_sitenote_active":false,"_monsterinsights_sitenote_note":"","_monsterinsights_sitenote_category":0},"product_cat":[78,76],"product_tag":[],"class_list":{"0":"post-8449","1":"product","2":"type-product","3":"status-publish","4":"has-post-thumbnail","6":"product_cat-kiti-produktai","7":"product_cat-saslykinems","9":"first","10":"instock","11":"taxable","12":"shipping-taxable","13":"purchasable","14":"product-type-simple"},"aioseo_notices":[],"_links":{"self":[{"href":"https:\/\/nevartyk.lt\/ru\/wp-json\/wp\/v2\/product\/8449","targetHints":{"allow":["GET"]}}],"collection":[{"href":"https:\/\/nevartyk.lt\/ru\/wp-json\/wp\/v2\/product"}],"about":[{"href":"https:\/\/nevartyk.lt\/ru\/wp-json\/wp\/v2\/types\/product"}],"replies":[{"embeddable":true,"href":"https:\/\/nevartyk.lt\/ru\/wp-json\/wp\/v2\/comments?post=8449"}],"version-history":[{"count":1,"href":"https:\/\/nevartyk.lt\/ru\/wp-json\/wp\/v2\/product\/8449\/revisions"}],"predecessor-version":[{"id":8450,"href":"https:\/\/nevartyk.lt\/ru\/wp-json\/wp\/v2\/product\/8449\/revisions\/8450"}],"wp:featuredmedia":[{"embeddable":true,"href":"https:\/\/nevartyk.lt\/ru\/wp-json\/wp\/v2\/media\/8445"}],"wp:attachment":[{"href":"https:\/\/nevartyk.lt\/ru\/wp-json\/wp\/v2\/media?parent=8449"}],"wp:term":[{"taxonomy":"product_cat","embeddable":true,"href":"https:\/\/nevartyk.lt\/ru\/wp-json\/wp\/v2\/product_cat?post=8449"},{"taxonomy":"product_tag","embeddable":true,"href":"https:\/\/nevartyk.lt\/ru\/wp-json\/wp\/v2\/product_tag?post=8449"}],"curies":[{"name":"wp","href":"https:\/\/api.w.org\/{rel}","templated":true}]}}