{"id":9613,"date":"2023-12-19T14:42:46","date_gmt":"2023-12-19T14:42:46","guid":{"rendered":"https:\/\/nevartyk.lt\/?post_type=product&#038;p=9613"},"modified":"2024-01-03T12:49:28","modified_gmt":"2024-01-03T12:49:28","slug":"nevartyk-dovanu-kuponas","status":"publish","type":"product","link":"https:\/\/nevartyk.lt\/ru\/parduotuve\/nevartyk-dovanu-kuponas\/","title":{"rendered":"Nevartyk dovan\u0173 kuponas"},"content":{"rendered":"<div data-elementor-type=\"wp-post\" data-elementor-id=\"9613\" class=\"elementor elementor-9613\">\n\t\t\t\t\t\t\t\t\t<section class=\"elementor-section elementor-top-section elementor-element elementor-element-e90af7d elementor-section-boxed elementor-section-height-default elementor-section-height-default\" data-id=\"e90af7d\" data-element_type=\"section\">\n\t\t\t\t\t\t<div class=\"elementor-container elementor-column-gap-default\">\n\t\t\t\t\t<div class=\"elementor-column elementor-col-100 elementor-top-column elementor-element elementor-element-b277647\" data-id=\"b277647\" data-element_type=\"column\">\n\t\t\t<div class=\"elementor-widget-wrap elementor-element-populated\">\n\t\t\t\t\t\t\t\t<div class=\"elementor-element elementor-element-12ebc78 elementor-widget elementor-widget-shortcode\" data-id=\"12ebc78\" data-element_type=\"widget\" data-widget_type=\"shortcode.default\">\n\t\t\t\t<div class=\"elementor-widget-container\">\n\t\t\t\t\t<div class=\"elementor-shortcode\"><\/div>\n\t\t\t\t<\/div>\n\t\t\t\t<\/div>\n\t\t\t\t\t<\/div>\n\t\t<\/div>\n\t\t\t\t\t\t\t<\/div>\n\t\t<\/section>\n\t\t\t\t<section class=\"elementor-section elementor-top-section elementor-element elementor-element-be9fd19 elementor-section-boxed elementor-section-height-default elementor-section-height-default\" data-id=\"be9fd19\" data-element_type=\"section\">\n\t\t\t\t\t\t<div class=\"elementor-container elementor-column-gap-default\">\n\t\t\t\t\t<div class=\"elementor-column elementor-col-100 elementor-top-column elementor-element elementor-element-edbbda7\" data-id=\"edbbda7\" data-element_type=\"column\">\n\t\t\t<div class=\"elementor-widget-wrap elementor-element-populated\">\n\t\t\t\t\t\t\t\t<div class=\"elementor-element elementor-element-45c4293 elementor-widget elementor-widget-text-editor\" data-id=\"45c4293\" data-element_type=\"widget\" data-widget_type=\"text-editor.default\">\n\t\t\t\t<div class=\"elementor-widget-container\">\n\t\t\t<style>\/*! elementor - v3.7.7 - 20-09-2022 *\/\n.elementor-widget-text-editor.elementor-drop-cap-view-stacked .elementor-drop-cap{background-color:#818a91;color:#fff}.elementor-widget-text-editor.elementor-drop-cap-view-framed .elementor-drop-cap{color:#818a91;border:3px solid;background-color:transparent}.elementor-widget-text-editor:not(.elementor-drop-cap-view-default) .elementor-drop-cap{margin-top:8px}.elementor-widget-text-editor:not(.elementor-drop-cap-view-default) .elementor-drop-cap-letter{width:1em;height:1em}.elementor-widget-text-editor .elementor-drop-cap{float:left;text-align:center;line-height:1;font-size:50px}.elementor-widget-text-editor .elementor-drop-cap-letter{display:inline-block}<\/style>        <div class=\"elementor-text-editor elementor-clearfix\"><p><strong style=\"font-size: 1rem;\">Don't flip <\/strong>dovan\u0173 kuponas<span style=\"font-size: 1rem;\"> &#8211; tai puiki ir prakti\u0161ka dovana bet kuria proga! Dovan\u0173 kuponas galioja visoms prek\u0117ms, esan\u010dioms Nevartyk.lt puslapyje. Nevartyk ie\u0161m\u0173 vartymo sistemos &#8211; m\u016bs\u0173 populiariausias gaminys, u\u017ekariav\u0119s jau daugiau nei 1000 klient\u0173 \u0161irdis ir peln\u0117s lietuvi\u0161kos met\u0173 prek\u0117s apdovanojim\u0105. Tikriausiai kiekvienas \u0161a\u0161lyk\u0173 fanas pritars &#8211; su Nevartyk ie\u0161m\u0173 vartymo sistema \u0161a\u0161lykai i\u0161kepa \u017eymiai sultingesni nei kepant ranka. Be to, patogus ie\u0161m\u0173 vartymo sistemos veikimas ir surinkimas leis Jums j\u0105 ve\u017etis visur &#8211; pas draugus, \u012f mi\u0161k\u0105 ar net pasiimti atostogoms!<\/span><\/p><p><span style=\"font-size: 1rem;\">Tai &#8211; <strong>elektroninis dovan\u0173 kuponas<\/strong>, tad j\u012f gausite tiesiai \u012f savo el.pa\u0161t\u0105.\u00a0<\/span>Galima rinktis net 3 Jums patogius variantus: 30 <span style=\"font-size: 1rem;\">\u20ac<\/span><span style=\"font-size: 1rem;\">, 50\u00a0<\/span><span style=\"font-size: 1rem;\">\u20ac<\/span><span style=\"font-size: 1rem;\"> arba 100 \u20ac vert\u0117s kuponus.<\/span><\/p><\/div>\n        \t\t<\/div>\n\t\t\t\t<\/div>\n\t\t\t\t\t<\/div>\n\t\t<\/div>\n\t\t\t\t\t\t\t<\/div>\n\t\t<\/section>\n\t\t\t\t\t\t\t<\/div>","protected":false},"excerpt":{"rendered":"<p>Nevartyk dovan\u0173 kuponas &#8211; tai puiki ir prakti\u0161ka dovana bet kuria proga! Dovan\u0173 kuponas galioja visoms prek\u0117ms, esan\u010dioms Nevartyk.lt puslapyje. Nevartyk ie\u0161m\u0173 vartymo sistemos &#8211; m\u016bs\u0173 populiariausias gaminys, u\u017ekariav\u0119s jau daugiau nei 1000 klient\u0173 \u0161irdis ir peln\u0117s lietuvi\u0161kos met\u0173 prek\u0117s apdovanojim\u0105. Tikriausiai kiekvienas \u0161a\u0161lyk\u0173 fanas pritars &#8211; su Nevartyk ie\u0161m\u0173 vartymo sistema \u0161a\u0161lykai i\u0161kepa \u017eymiai &hellip; <\/p>\n<p class=\"link-more\"><a href=\"https:\/\/nevartyk.lt\/ru\/parduotuve\/nevartyk-dovanu-kuponas\/\" class=\"more-link\">Read More <span class=\"screen-reader-text\"> &#8220;Nevartyk dovan\u0173 kuponas&#8221;<\/span><\/a><\/p>","protected":false},"featured_media":9615,"comment_status":"open","ping_status":"closed","template":"","meta":{"om_disable_all_campaigns":false,"inline_featured_image":false,"_monsterinsights_skip_tracking":false,"_monsterinsights_sitenote_active":false,"_monsterinsights_sitenote_note":"","_monsterinsights_sitenote_category":0},"product_cat":[78],"product_tag":[],"class_list":{"0":"post-9613","1":"product","2":"type-product","3":"status-publish","4":"has-post-thumbnail","6":"product_cat-kiti-produktai","8":"first","9":"instock","10":"taxable","11":"shipping-taxable","12":"purchasable","13":"product-type-variable"},"aioseo_notices":[],"_links":{"self":[{"href":"https:\/\/nevartyk.lt\/ru\/wp-json\/wp\/v2\/product\/9613","targetHints":{"allow":["GET"]}}],"collection":[{"href":"https:\/\/nevartyk.lt\/ru\/wp-json\/wp\/v2\/product"}],"about":[{"href":"https:\/\/nevartyk.lt\/ru\/wp-json\/wp\/v2\/types\/product"}],"replies":[{"embeddable":true,"href":"https:\/\/nevartyk.lt\/ru\/wp-json\/wp\/v2\/comments?post=9613"}],"version-history":[{"count":7,"href":"https:\/\/nevartyk.lt\/ru\/wp-json\/wp\/v2\/product\/9613\/revisions"}],"predecessor-version":[{"id":9654,"href":"https:\/\/nevartyk.lt\/ru\/wp-json\/wp\/v2\/product\/9613\/revisions\/9654"}],"wp:featuredmedia":[{"embeddable":true,"href":"https:\/\/nevartyk.lt\/ru\/wp-json\/wp\/v2\/media\/9615"}],"wp:attachment":[{"href":"https:\/\/nevartyk.lt\/ru\/wp-json\/wp\/v2\/media?parent=9613"}],"wp:term":[{"taxonomy":"product_cat","embeddable":true,"href":"https:\/\/nevartyk.lt\/ru\/wp-json\/wp\/v2\/product_cat?post=9613"},{"taxonomy":"product_tag","embeddable":true,"href":"https:\/\/nevartyk.lt\/ru\/wp-json\/wp\/v2\/product_tag?post=9613"}],"curies":[{"name":"wp","href":"https:\/\/api.w.org\/{rel}","templated":true}]}}